{"id":10954,"date":"2020-01-18T13:57:26","date_gmt":"2020-01-18T12:57:26","guid":{"rendered":"http:\/\/opticagracia.com\/?post_type=product&#038;p=10954"},"modified":"2025-10-07T19:33:13","modified_gmt":"2025-10-07T17:33:13","slug":"ray-ban-wings-ll-3697-00211","status":"publish","type":"product","link":"https:\/\/www.opticagracia.com\/fr\/producto\/ray-ban-wings-ll-3697-00211\/","title":{"rendered":"Lunettes de soleil Ray Ban Wings ll 3697 00211"},"content":{"rendered":"<p>Ray Ban Wings ll 3697 noir m\u00e9tallis\u00e9 avec une seule grande lentille grise d\u00e9grad\u00e9e, style \u00e9cran surdimensionn\u00e9.<\/p>\n<ul>\n<li>Couleur de la famille avant : gunmetal<\/li>\n<li>Mat\u00e9riau de l'oculaire : organique<\/li>\n<li>Propri\u00e9t\u00e9 de l'objectif : standard<\/li>\n<li>Couleur de l'objectif : gris d\u00e9grad\u00e9<\/li>\n<li>100% UV<\/li>\n<\/ul>\n<p>Les ann\u00e9es 80 sont de retour avec les lunettes de soleil Ray Ban Wings II, qui cr\u00e9ent des looks \u00e9tonnants et exclusifs. Elles sont disponibles dans des teintes m\u00e9talliques telles que le noir, le gris miroir et l'or rose miroir.<\/p>","protected":false},"excerpt":{"rendered":"<p>Ray Ban Wings ll 3697 noir m\u00e9tallis\u00e9 avec une seule grande lentille grise d\u00e9grad\u00e9e, style \u00e9cran surdimensionn\u00e9.<\/p>","protected":false},"featured_media":10955,"template":"","meta":[],"product_brand":[1069],"product_cat":[829,579,205,206,582,814,828],"product_tag":[],"class_list":{"0":"post-10954","1":"product","2":"type-product","3":"status-publish","4":"has-post-thumbnail","6":"product_brand-ray-ban","7":"product_cat-forma","8":"product_cat-gafas-cuadradas","9":"product_cat-gafas-hombre","10":"product_cat-gafas-mujer","11":"product_cat-gafas-de-pantalla","12":"product_cat-gafas-unisex","13":"product_cat-menu","15":"first","16":"outofstock","17":"taxable","18":"shipping-taxable","19":"purchasable","20":"product-type-simple"},"_links":{"self":[{"href":"https:\/\/www.opticagracia.com\/fr\/wp-json\/wp\/v2\/product\/10954","targetHints":{"allow":["GET"]}}],"collection":[{"href":"https:\/\/www.opticagracia.com\/fr\/wp-json\/wp\/v2\/product"}],"about":[{"href":"https:\/\/www.opticagracia.com\/fr\/wp-json\/wp\/v2\/types\/product"}],"wp:featuredmedia":[{"embeddable":true,"href":"https:\/\/www.opticagracia.com\/fr\/wp-json\/wp\/v2\/media\/10955"}],"wp:attachment":[{"href":"https:\/\/www.opticagracia.com\/fr\/wp-json\/wp\/v2\/media?parent=10954"}],"wp:term":[{"taxonomy":"product_brand","embeddable":true,"href":"https:\/\/www.opticagracia.com\/fr\/wp-json\/wp\/v2\/product_brand?post=10954"},{"taxonomy":"product_cat","embeddable":true,"href":"https:\/\/www.opticagracia.com\/fr\/wp-json\/wp\/v2\/product_cat?post=10954"},{"taxonomy":"product_tag","embeddable":true,"href":"https:\/\/www.opticagracia.com\/fr\/wp-json\/wp\/v2\/product_tag?post=10954"}],"curies":[{"name":"wp","href":"https:\/\/api.w.org\/{rel}","templated":true}]}}