{"id":11401,"date":"2020-05-24T13:19:23","date_gmt":"2020-05-24T11:19:23","guid":{"rendered":"http:\/\/opticagracia.com\/?post_type=product&#038;p=11401"},"modified":"2025-02-12T17:34:30","modified_gmt":"2025-02-12T16:34:30","slug":"ray-ban-2180-71073","status":"publish","type":"product","link":"https:\/\/www.opticagracia.com\/fr\/producto\/ray-ban-2180-71073\/","title":{"rendered":"Gafas de sol Ray Ban 2180 71073[:ca]Ulleres de sol Ray Ban 2180 71073"},"content":{"rendered":"<p>Lunettes rondes Ray Ban 2180 en ac\u00e9tate de couleur havane avec des verres bruns pour une protection maximale.<\/p>\n<ul>\n<li>Couleur de la famille avant : havane<\/li>\n<li>Mat\u00e9riau de l'oculaire : organique<\/li>\n<li>Propri\u00e9t\u00e9 de l'objectif : standard<\/li>\n<li>Couleur des verres : marron<\/li>\n<li>Note d'information : 3n<\/li>\n<li>% Transmission 13,5<\/li>\n<\/ul>\n<p>La boucle du design moderne est boucl\u00e9e : Ray-Ban r\u00e9volutionne une fois de plus la forme ronde classique. Outre les rivets caract\u00e9ristiques et les branches en forme de Ray-Ban, ces mod\u00e8les sont dot\u00e9s d'un pont plat et fin et d'\u00e9l\u00e9gantes lentilles teint\u00e9es dans des tons d\u00e9grad\u00e9s attrayants.<\/p>","protected":false},"excerpt":{"rendered":"<p>Lunettes rondes Ray Ban 2180 en ac\u00e9tate de couleur havane avec des verres bruns pour une protection maximale.<\/p>","protected":false},"featured_media":11402,"template":"","meta":[],"product_brand":[1069],"product_cat":[829,895,911,912,914,205,206,572,814,828],"product_tag":[],"class_list":{"0":"post-11401","1":"product","2":"type-product","3":"status-publish","4":"has-post-thumbnail","6":"product_brand-ray-ban","7":"product_cat-forma","8":"product_cat-gafas-de-sol","9":"product_cat-gafas-de-sol-hombre","10":"product_cat-gafas-de-sol-mujer","11":"product_cat-gafas-de-sol-unisex","12":"product_cat-gafas-hombre","13":"product_cat-gafas-mujer","14":"product_cat-gafas-redondas","15":"product_cat-gafas-unisex","16":"product_cat-menu","18":"first","19":"instock","20":"sale","21":"taxable","22":"shipping-taxable","23":"purchasable","24":"product-type-simple"},"_links":{"self":[{"href":"https:\/\/www.opticagracia.com\/fr\/wp-json\/wp\/v2\/product\/11401","targetHints":{"allow":["GET"]}}],"collection":[{"href":"https:\/\/www.opticagracia.com\/fr\/wp-json\/wp\/v2\/product"}],"about":[{"href":"https:\/\/www.opticagracia.com\/fr\/wp-json\/wp\/v2\/types\/product"}],"wp:featuredmedia":[{"embeddable":true,"href":"https:\/\/www.opticagracia.com\/fr\/wp-json\/wp\/v2\/media\/11402"}],"wp:attachment":[{"href":"https:\/\/www.opticagracia.com\/fr\/wp-json\/wp\/v2\/media?parent=11401"}],"wp:term":[{"taxonomy":"product_brand","embeddable":true,"href":"https:\/\/www.opticagracia.com\/fr\/wp-json\/wp\/v2\/product_brand?post=11401"},{"taxonomy":"product_cat","embeddable":true,"href":"https:\/\/www.opticagracia.com\/fr\/wp-json\/wp\/v2\/product_cat?post=11401"},{"taxonomy":"product_tag","embeddable":true,"href":"https:\/\/www.opticagracia.com\/fr\/wp-json\/wp\/v2\/product_tag?post=11401"}],"curies":[{"name":"wp","href":"https:\/\/api.w.org\/{rel}","templated":true}]}}