{"id":11419,"date":"2020-06-05T18:40:09","date_gmt":"2020-06-05T16:40:09","guid":{"rendered":"http:\/\/opticagracia.com\/?post_type=product&#038;p=11419"},"modified":"2025-02-21T17:34:30","modified_gmt":"2025-02-21T16:34:30","slug":"oakley-9367-01-drop-point","status":"publish","type":"product","link":"https:\/\/www.opticagracia.com\/fr\/producto\/oakley-9367-01-drop-point\/","title":{"rendered":"Lunettes de soleil Oakley 9367 01 Drop Point"},"content":{"rendered":"<p>Oakley 9367 Drop Point Lunettes Oakley en plastique noir mat incurv\u00e9 avec des lentilles grises.<\/p>\n<ul>\n<li>Famille avant : noir mat<\/li>\n<li>Mat\u00e9riau de l'oculaire : organique<\/li>\n<li>Propri\u00e9t\u00e9 de l'objectif : standard<\/li>\n<li>Couleur des verres : gris<\/li>\n<li>100% UV<\/li>\n<\/ul>\n<p>Le Drop Point combine la vision large des courbes lat\u00e9rales avec une forme l\u00e9g\u00e8rement incurv\u00e9e, apportant acuit\u00e9 et haute performance \u00e0 l'activit\u00e9 quotidienne.<\/p>","protected":false},"excerpt":{"rendered":"<p>Oakley 9367 Drop Point Lunettes Oakley en plastique noir mat incurv\u00e9 avec des lentilles grises.<\/p>","protected":false},"featured_media":11420,"template":"","meta":[],"product_brand":[1068],"product_cat":[829,592,895,911,912,914,205,206,586,814,828],"product_tag":[],"class_list":{"0":"post-11419","1":"product","2":"type-product","3":"status-publish","4":"has-post-thumbnail","6":"product_brand-oakley","7":"product_cat-forma","8":"product_cat-gafas-curvadas","9":"product_cat-gafas-de-sol","10":"product_cat-gafas-de-sol-hombre","11":"product_cat-gafas-de-sol-mujer","12":"product_cat-gafas-de-sol-unisex","13":"product_cat-gafas-hombre","14":"product_cat-gafas-mujer","15":"product_cat-gafas-rectangulares","16":"product_cat-gafas-unisex","17":"product_cat-menu","19":"first","20":"instock","21":"taxable","22":"shipping-taxable","23":"purchasable","24":"product-type-simple"},"_links":{"self":[{"href":"https:\/\/www.opticagracia.com\/fr\/wp-json\/wp\/v2\/product\/11419","targetHints":{"allow":["GET"]}}],"collection":[{"href":"https:\/\/www.opticagracia.com\/fr\/wp-json\/wp\/v2\/product"}],"about":[{"href":"https:\/\/www.opticagracia.com\/fr\/wp-json\/wp\/v2\/types\/product"}],"wp:featuredmedia":[{"embeddable":true,"href":"https:\/\/www.opticagracia.com\/fr\/wp-json\/wp\/v2\/media\/11420"}],"wp:attachment":[{"href":"https:\/\/www.opticagracia.com\/fr\/wp-json\/wp\/v2\/media?parent=11419"}],"wp:term":[{"taxonomy":"product_brand","embeddable":true,"href":"https:\/\/www.opticagracia.com\/fr\/wp-json\/wp\/v2\/product_brand?post=11419"},{"taxonomy":"product_cat","embeddable":true,"href":"https:\/\/www.opticagracia.com\/fr\/wp-json\/wp\/v2\/product_cat?post=11419"},{"taxonomy":"product_tag","embeddable":true,"href":"https:\/\/www.opticagracia.com\/fr\/wp-json\/wp\/v2\/product_tag?post=11419"}],"curies":[{"name":"wp","href":"https:\/\/api.w.org\/{rel}","templated":true}]}}