{"id":11431,"date":"2020-06-05T19:58:14","date_gmt":"2020-06-05T17:58:14","guid":{"rendered":"http:\/\/opticagracia.com\/?post_type=product&#038;p=11431"},"modified":"2025-02-21T17:29:15","modified_gmt":"2025-02-21T16:29:15","slug":"oakley-9449-06-gibston","status":"publish","type":"product","link":"https:\/\/www.opticagracia.com\/fr\/producto\/oakley-9449-06-gibston\/","title":{"rendered":"Lunettes de soleil Oakley 9449 06 Gibston"},"content":{"rendered":"<p>Lunettes Oakley 9449 Gibston en plastique noir mat incurv\u00e9 avec des lentilles PRIZM POLARIZED grises.<\/p>\n<ul>\n<li>Famille avant : noir mat<\/li>\n<li>Mat\u00e9riau de l'oculaire : organique<\/li>\n<li>Propri\u00e9t\u00e9 de l'objectif : polaris\u00e9<\/li>\n<li>Couleur de l'oculaire : gris polaris\u00e9 prizm<\/li>\n<li>100% UV<\/li>\n<\/ul>\n<p>Envelopp\u00e9e de style, la Gibston est la derni\u00e8re monture enveloppante d'Oakley\u00ae. Cette monture moderne offre une protection compl\u00e8te et est dot\u00e9e d'\u00e9l\u00e9ments performants.<\/p>\n<p>Les lentilles Prizm offrent un contraste maximal et une visibilit\u00e9 am\u00e9lior\u00e9e avec les avantages de la filtration HD brillante d'Oakley.<\/p>","protected":false},"excerpt":{"rendered":"<p>Lunettes Oakley 9449 Gibston en plastique noir mat incurv\u00e9 avec des lentilles PRIZM POLARIZED grises.<\/p>","protected":false},"featured_media":11432,"template":"","meta":[],"product_brand":[1068],"product_cat":[829,592,895,911,912,914,205,206,208,586,814,828],"product_tag":[],"class_list":{"0":"post-11431","1":"product","2":"type-product","3":"status-publish","4":"has-post-thumbnail","6":"product_brand-oakley","7":"product_cat-forma","8":"product_cat-gafas-curvadas","9":"product_cat-gafas-de-sol","10":"product_cat-gafas-de-sol-hombre","11":"product_cat-gafas-de-sol-mujer","12":"product_cat-gafas-de-sol-unisex","13":"product_cat-gafas-hombre","14":"product_cat-gafas-mujer","15":"product_cat-gafas-polarizadas","16":"product_cat-gafas-rectangulares","17":"product_cat-gafas-unisex","18":"product_cat-menu","20":"first","21":"outofstock","22":"taxable","23":"shipping-taxable","24":"purchasable","25":"product-type-simple"},"_links":{"self":[{"href":"https:\/\/www.opticagracia.com\/fr\/wp-json\/wp\/v2\/product\/11431","targetHints":{"allow":["GET"]}}],"collection":[{"href":"https:\/\/www.opticagracia.com\/fr\/wp-json\/wp\/v2\/product"}],"about":[{"href":"https:\/\/www.opticagracia.com\/fr\/wp-json\/wp\/v2\/types\/product"}],"wp:featuredmedia":[{"embeddable":true,"href":"https:\/\/www.opticagracia.com\/fr\/wp-json\/wp\/v2\/media\/11432"}],"wp:attachment":[{"href":"https:\/\/www.opticagracia.com\/fr\/wp-json\/wp\/v2\/media?parent=11431"}],"wp:term":[{"taxonomy":"product_brand","embeddable":true,"href":"https:\/\/www.opticagracia.com\/fr\/wp-json\/wp\/v2\/product_brand?post=11431"},{"taxonomy":"product_cat","embeddable":true,"href":"https:\/\/www.opticagracia.com\/fr\/wp-json\/wp\/v2\/product_cat?post=11431"},{"taxonomy":"product_tag","embeddable":true,"href":"https:\/\/www.opticagracia.com\/fr\/wp-json\/wp\/v2\/product_tag?post=11431"}],"curies":[{"name":"wp","href":"https:\/\/api.w.org\/{rel}","templated":true}]}}