{"id":11437,"date":"2020-06-06T12:49:45","date_gmt":"2020-06-06T10:49:45","guid":{"rendered":"http:\/\/opticagracia.com\/?post_type=product&#038;p=11437"},"modified":"2025-02-21T17:28:59","modified_gmt":"2025-02-21T16:28:59","slug":"11437","status":"publish","type":"product","link":"https:\/\/www.opticagracia.com\/fr\/producto\/11437\/","title":{"rendered":"Lunettes de soleil Oakley 9460 01 Portal X"},"content":{"rendered":"<p>Lunettes Oakley 9460 Portal X en plastique noir incurv\u00e9 avec des lentilles PRIZM grises.<\/p>\n<ul>\n<li>Famille avant : noir<\/li>\n<li>Mat\u00e9riau de l'oculaire : organique<\/li>\n<li>Propri\u00e9t\u00e9 de l'objectif : standard<\/li>\n<li>Couleur des verres : gris prizm<\/li>\n<li>100% UV<\/li>\n<\/ul>\n<p>Inspir\u00e9 par le consommateur moderne d'aujourd'hui, le design polyvalent de la monture Portal X convient \u00e0 une vari\u00e9t\u00e9 de sports, tout en \u00e9tant id\u00e9al pour tout autre type d'activit\u00e9 quotidienne. Des mat\u00e9riaux de premi\u00e8re qualit\u00e9, des optiques Prizm et des d\u00e9tails modernes et \u00e9l\u00e9gants en font une excellente collection pour ceux qui recherchent un confort quotidien et une clart\u00e9 exceptionnelle dans leurs lunettes.<\/p>\n<p>Les lentilles Prizm offrent un contraste maximal et une visibilit\u00e9 am\u00e9lior\u00e9e avec les avantages du filtrage de la lumi\u00e8re d'Oakley HD.<\/p>","protected":false},"excerpt":{"rendered":"<p>Lunettes Oakley 9460 Portal X en plastique noir incurv\u00e9 avec des lentilles PRIZM grises.<\/p>","protected":false},"featured_media":11438,"template":"","meta":[],"product_brand":[1068],"product_cat":[829,592,895,911,912,914,205,206,586,814,828],"product_tag":[],"class_list":{"0":"post-11437","1":"product","2":"type-product","3":"status-publish","4":"has-post-thumbnail","6":"product_brand-oakley","7":"product_cat-forma","8":"product_cat-gafas-curvadas","9":"product_cat-gafas-de-sol","10":"product_cat-gafas-de-sol-hombre","11":"product_cat-gafas-de-sol-mujer","12":"product_cat-gafas-de-sol-unisex","13":"product_cat-gafas-hombre","14":"product_cat-gafas-mujer","15":"product_cat-gafas-rectangulares","16":"product_cat-gafas-unisex","17":"product_cat-menu","19":"first","20":"outofstock","21":"taxable","22":"shipping-taxable","23":"purchasable","24":"product-type-simple"},"_links":{"self":[{"href":"https:\/\/www.opticagracia.com\/fr\/wp-json\/wp\/v2\/product\/11437","targetHints":{"allow":["GET"]}}],"collection":[{"href":"https:\/\/www.opticagracia.com\/fr\/wp-json\/wp\/v2\/product"}],"about":[{"href":"https:\/\/www.opticagracia.com\/fr\/wp-json\/wp\/v2\/types\/product"}],"wp:featuredmedia":[{"embeddable":true,"href":"https:\/\/www.opticagracia.com\/fr\/wp-json\/wp\/v2\/media\/11438"}],"wp:attachment":[{"href":"https:\/\/www.opticagracia.com\/fr\/wp-json\/wp\/v2\/media?parent=11437"}],"wp:term":[{"taxonomy":"product_brand","embeddable":true,"href":"https:\/\/www.opticagracia.com\/fr\/wp-json\/wp\/v2\/product_brand?post=11437"},{"taxonomy":"product_cat","embeddable":true,"href":"https:\/\/www.opticagracia.com\/fr\/wp-json\/wp\/v2\/product_cat?post=11437"},{"taxonomy":"product_tag","embeddable":true,"href":"https:\/\/www.opticagracia.com\/fr\/wp-json\/wp\/v2\/product_tag?post=11437"}],"curies":[{"name":"wp","href":"https:\/\/api.w.org\/{rel}","templated":true}]}}