{"id":11443,"date":"2020-06-06T13:19:50","date_gmt":"2020-06-06T11:19:50","guid":{"rendered":"http:\/\/opticagracia.com\/?post_type=product&#038;p=11443"},"modified":"2025-06-03T19:27:58","modified_gmt":"2025-06-03T17:27:58","slug":"oakley-9406-08-sutro","status":"publish","type":"product","link":"https:\/\/www.opticagracia.com\/fr\/producto\/oakley-9406-08-sutro\/","title":{"rendered":"Lunettes de soleil Oakley 9406 08 Sutro"},"content":{"rendered":"<p>Monture Oakley 9406 Sutro noire incurv\u00e9e avec lentilles routi\u00e8res PRIZM.<\/p>\n<ul>\n<li>Famille avant : noir<\/li>\n<li>Mat\u00e9riau de l'oculaire : organique<\/li>\n<li>Propri\u00e9t\u00e9 de l'objectif : standard<\/li>\n<li>Couleur de l'objectif : prizm road<\/li>\n<li>100% UV<\/li>\n<\/ul>\n<p>Inspir\u00e9e par le consommateur moderne d'aujourd'hui, la nouvelle Oakley Sutro convient \u00e0 une vari\u00e9t\u00e9 de sports tout en \u00e9tant id\u00e9ale pour tout autre type d'activit\u00e9 quotidienne. Des mat\u00e9riaux de qualit\u00e9 sup\u00e9rieure, des optiques Prizm et des d\u00e9tails modernes et \u00e9l\u00e9gants en font une collection id\u00e9ale pour ceux qui recherchent un confort quotidien et une clart\u00e9 exceptionnelle dans leurs lunettes.<\/p>\n<p>Les lentilles Prizm offrent un contraste maximal et une visibilit\u00e9 am\u00e9lior\u00e9e avec les avantages du filtrage de la lumi\u00e8re d'Oakley HD.<\/p>","protected":false},"excerpt":{"rendered":"<p>Monture Oakley 9406 Sutro noire incurv\u00e9e avec lentilles routi\u00e8res PRIZM.<\/p>","protected":false},"featured_media":11444,"template":"","meta":[],"product_brand":[1068],"product_cat":[829,592,895,911,912,914,205,206,582,814,828],"product_tag":[],"class_list":{"0":"post-11443","1":"product","2":"type-product","3":"status-publish","4":"has-post-thumbnail","6":"product_brand-oakley","7":"product_cat-forma","8":"product_cat-gafas-curvadas","9":"product_cat-gafas-de-sol","10":"product_cat-gafas-de-sol-hombre","11":"product_cat-gafas-de-sol-mujer","12":"product_cat-gafas-de-sol-unisex","13":"product_cat-gafas-hombre","14":"product_cat-gafas-mujer","15":"product_cat-gafas-de-pantalla","16":"product_cat-gafas-unisex","17":"product_cat-menu","19":"first","20":"instock","21":"taxable","22":"shipping-taxable","23":"purchasable","24":"product-type-simple"},"_links":{"self":[{"href":"https:\/\/www.opticagracia.com\/fr\/wp-json\/wp\/v2\/product\/11443","targetHints":{"allow":["GET"]}}],"collection":[{"href":"https:\/\/www.opticagracia.com\/fr\/wp-json\/wp\/v2\/product"}],"about":[{"href":"https:\/\/www.opticagracia.com\/fr\/wp-json\/wp\/v2\/types\/product"}],"wp:featuredmedia":[{"embeddable":true,"href":"https:\/\/www.opticagracia.com\/fr\/wp-json\/wp\/v2\/media\/11444"}],"wp:attachment":[{"href":"https:\/\/www.opticagracia.com\/fr\/wp-json\/wp\/v2\/media?parent=11443"}],"wp:term":[{"taxonomy":"product_brand","embeddable":true,"href":"https:\/\/www.opticagracia.com\/fr\/wp-json\/wp\/v2\/product_brand?post=11443"},{"taxonomy":"product_cat","embeddable":true,"href":"https:\/\/www.opticagracia.com\/fr\/wp-json\/wp\/v2\/product_cat?post=11443"},{"taxonomy":"product_tag","embeddable":true,"href":"https:\/\/www.opticagracia.com\/fr\/wp-json\/wp\/v2\/product_tag?post=11443"}],"curies":[{"name":"wp","href":"https:\/\/api.w.org\/{rel}","templated":true}]}}