{"id":11498,"date":"2020-06-19T19:46:22","date_gmt":"2020-06-19T17:46:22","guid":{"rendered":"http:\/\/opticagracia.com\/?post_type=product&#038;p=11498"},"modified":"2025-07-01T20:03:39","modified_gmt":"2025-07-01T18:03:39","slug":"mr-boho-dalston-aqua","status":"publish","type":"product","link":"https:\/\/www.opticagracia.com\/fr\/producto\/mr-boho-dalston-aqua\/","title":{"rendered":"Lunettes de soleil Mr. Boho Dalston TORTOISE"},"content":{"rendered":"<p>MR.BOHO Lunettes Dalston, forme ronde, avec beaucoup de personnalit\u00e9 qui nous emm\u00e8ne directement dans les ann\u00e9es 70, mais toujours de notre point de vue et en remplissant cette monture avec de nouvelles nuances.<\/p>\n<p>Des lunettes tendance en ac\u00e9tate naturel et des couleurs super originales et amusantes. Jetez un coup d'\u0153il \u00e0 toute la collection et faites votre choix.<\/p>\n<p>Verres organiques 100% UV protection maximale.<\/p>\n<p>Avec \u00e9tui et essuie-lunettes inclus.<\/p>","protected":false},"excerpt":{"rendered":"<p>Lunettes MR.BOHO Dalston. Forme ronde en ac\u00e9tate de tortue.<\/p>","protected":false},"featured_media":16351,"template":"","meta":[],"product_brand":[1067],"product_cat":[829,895,911,912,914,205,206,572,814,828],"product_tag":[],"class_list":{"0":"post-11498","1":"product","2":"type-product","3":"status-publish","4":"has-post-thumbnail","6":"product_brand-mr-boho","7":"product_cat-forma","8":"product_cat-gafas-de-sol","9":"product_cat-gafas-de-sol-hombre","10":"product_cat-gafas-de-sol-mujer","11":"product_cat-gafas-de-sol-unisex","12":"product_cat-gafas-hombre","13":"product_cat-gafas-mujer","14":"product_cat-gafas-redondas","15":"product_cat-gafas-unisex","16":"product_cat-menu","18":"first","19":"outofstock","20":"taxable","21":"shipping-taxable","22":"purchasable","23":"product-type-simple"},"_links":{"self":[{"href":"https:\/\/www.opticagracia.com\/fr\/wp-json\/wp\/v2\/product\/11498","targetHints":{"allow":["GET"]}}],"collection":[{"href":"https:\/\/www.opticagracia.com\/fr\/wp-json\/wp\/v2\/product"}],"about":[{"href":"https:\/\/www.opticagracia.com\/fr\/wp-json\/wp\/v2\/types\/product"}],"wp:featuredmedia":[{"embeddable":true,"href":"https:\/\/www.opticagracia.com\/fr\/wp-json\/wp\/v2\/media\/16351"}],"wp:attachment":[{"href":"https:\/\/www.opticagracia.com\/fr\/wp-json\/wp\/v2\/media?parent=11498"}],"wp:term":[{"taxonomy":"product_brand","embeddable":true,"href":"https:\/\/www.opticagracia.com\/fr\/wp-json\/wp\/v2\/product_brand?post=11498"},{"taxonomy":"product_cat","embeddable":true,"href":"https:\/\/www.opticagracia.com\/fr\/wp-json\/wp\/v2\/product_cat?post=11498"},{"taxonomy":"product_tag","embeddable":true,"href":"https:\/\/www.opticagracia.com\/fr\/wp-json\/wp\/v2\/product_tag?post=11498"}],"curies":[{"name":"wp","href":"https:\/\/api.w.org\/{rel}","templated":true}]}}