{"id":11630,"date":"2020-10-04T11:56:28","date_gmt":"2020-10-04T09:56:28","guid":{"rendered":"http:\/\/opticagracia.com\/?post_type=product&#038;p=11630"},"modified":"2025-02-21T18:49:27","modified_gmt":"2025-02-21T17:49:27","slug":"gucci-0544-001","status":"publish","type":"product","link":"https:\/\/www.opticagracia.com\/fr\/producto\/gucci-0544-001\/","title":{"rendered":"Lunettes de soleil Gucci 0544 001"},"content":{"rendered":"<p>100% Verres gris d\u00e9grad\u00e9s UV et lunettes carr\u00e9es en ac\u00e9tate noir.<\/p>\n<ul>\n<li>Lentilles en polycarbonate noir.<\/li>\n<li>Longueur de la tige 14,0 cm<\/li>\n<li>Largeur de l'objectif 5,7 cm<\/li>\n<li>Largeur du pont 1,8 cm<\/li>\n<li>100% UV<\/li>\n<\/ul>\n<p>Gucci est une marque de luxe italienne fond\u00e9e \u00e0 Florence en 1921, qui se consacre \u00e0 la conception et \u00e0 la fabrication d'articles de mode, dont des collections de lunettes pour femmes et hommes, qui nous permettent d'entrer dans le monde du luxe \u00e0 des prix abordables. La collection Gucci se distingue par ses formes et ses couleurs audacieuses.<\/p>","protected":false},"excerpt":{"rendered":"<p>100% Verres gris d\u00e9grad\u00e9s UV et lunettes carr\u00e9es en ac\u00e9tate noir.<\/p>","protected":false},"featured_media":11631,"template":"","meta":[],"product_brand":[1050],"product_cat":[829,579,895,912,206,828],"product_tag":[],"class_list":{"0":"post-11630","1":"product","2":"type-product","3":"status-publish","4":"has-post-thumbnail","6":"product_brand-gucci","7":"product_cat-forma","8":"product_cat-gafas-cuadradas","9":"product_cat-gafas-de-sol","10":"product_cat-gafas-de-sol-mujer","11":"product_cat-gafas-mujer","12":"product_cat-menu","14":"first","15":"instock","16":"taxable","17":"shipping-taxable","18":"purchasable","19":"product-type-simple"},"_links":{"self":[{"href":"https:\/\/www.opticagracia.com\/fr\/wp-json\/wp\/v2\/product\/11630","targetHints":{"allow":["GET"]}}],"collection":[{"href":"https:\/\/www.opticagracia.com\/fr\/wp-json\/wp\/v2\/product"}],"about":[{"href":"https:\/\/www.opticagracia.com\/fr\/wp-json\/wp\/v2\/types\/product"}],"wp:featuredmedia":[{"embeddable":true,"href":"https:\/\/www.opticagracia.com\/fr\/wp-json\/wp\/v2\/media\/11631"}],"wp:attachment":[{"href":"https:\/\/www.opticagracia.com\/fr\/wp-json\/wp\/v2\/media?parent=11630"}],"wp:term":[{"taxonomy":"product_brand","embeddable":true,"href":"https:\/\/www.opticagracia.com\/fr\/wp-json\/wp\/v2\/product_brand?post=11630"},{"taxonomy":"product_cat","embeddable":true,"href":"https:\/\/www.opticagracia.com\/fr\/wp-json\/wp\/v2\/product_cat?post=11630"},{"taxonomy":"product_tag","embeddable":true,"href":"https:\/\/www.opticagracia.com\/fr\/wp-json\/wp\/v2\/product_tag?post=11630"}],"curies":[{"name":"wp","href":"https:\/\/api.w.org\/{rel}","templated":true}]}}