{"id":11647,"date":"2020-10-04T18:14:36","date_gmt":"2020-10-04T16:14:36","guid":{"rendered":"http:\/\/opticagracia.com\/?post_type=product&#038;p=11647"},"modified":"2025-02-19T21:13:47","modified_gmt":"2025-02-19T20:13:47","slug":"gucci-0702-004","status":"publish","type":"product","link":"https:\/\/www.opticagracia.com\/fr\/producto\/gucci-0702-004\/","title":{"rendered":"Lunettes de soleil Gucci 0702 004"},"content":{"rendered":"<p>Lunettes de soleil rondes en ac\u00e9tate noir combin\u00e9es avec les embl\u00e9matiques branches vert-rouge de Gucci et les verres UV gris d\u00e9grad\u00e9s 100%.<\/p>\n<ul>\n<li>Lentilles en polycarbonate gris d\u00e9grad\u00e9<\/li>\n<li>Longueur de la tige 14,5 cm<\/li>\n<li>Largeur de l'objectif 5,4 cm<\/li>\n<li>Largeur du pont 1,9 cm<\/li>\n<li>100% UV<\/li>\n<\/ul>\n<p>Gucci est une marque de luxe italienne fond\u00e9e \u00e0 Florence en 1921, qui se consacre \u00e0 la conception et \u00e0 la fabrication d'articles de mode, dont des collections de lunettes pour femmes et hommes, qui nous permettent d'entrer dans le monde du luxe \u00e0 des prix abordables. La collection Gucci se distingue par ses formes et ses couleurs audacieuses.<\/p>","protected":false},"excerpt":{"rendered":"<p>Lunettes de soleil rondes en ac\u00e9tate cuivr\u00e9 noir avec branches embl\u00e9matiques Gucci de couleur vert-rouge et verres gris d\u00e9grad\u00e9s 100% UV<\/p>","protected":false},"featured_media":11648,"template":"","meta":[],"product_brand":[1050],"product_cat":[829,895,911,912,914,206,572,828],"product_tag":[],"class_list":{"0":"post-11647","1":"product","2":"type-product","3":"status-publish","4":"has-post-thumbnail","6":"product_brand-gucci","7":"product_cat-forma","8":"product_cat-gafas-de-sol","9":"product_cat-gafas-de-sol-hombre","10":"product_cat-gafas-de-sol-mujer","11":"product_cat-gafas-de-sol-unisex","12":"product_cat-gafas-mujer","13":"product_cat-gafas-redondas","14":"product_cat-menu","16":"first","17":"outofstock","18":"taxable","19":"shipping-taxable","20":"purchasable","21":"product-type-simple"},"_links":{"self":[{"href":"https:\/\/www.opticagracia.com\/fr\/wp-json\/wp\/v2\/product\/11647","targetHints":{"allow":["GET"]}}],"collection":[{"href":"https:\/\/www.opticagracia.com\/fr\/wp-json\/wp\/v2\/product"}],"about":[{"href":"https:\/\/www.opticagracia.com\/fr\/wp-json\/wp\/v2\/types\/product"}],"wp:featuredmedia":[{"embeddable":true,"href":"https:\/\/www.opticagracia.com\/fr\/wp-json\/wp\/v2\/media\/11648"}],"wp:attachment":[{"href":"https:\/\/www.opticagracia.com\/fr\/wp-json\/wp\/v2\/media?parent=11647"}],"wp:term":[{"taxonomy":"product_brand","embeddable":true,"href":"https:\/\/www.opticagracia.com\/fr\/wp-json\/wp\/v2\/product_brand?post=11647"},{"taxonomy":"product_cat","embeddable":true,"href":"https:\/\/www.opticagracia.com\/fr\/wp-json\/wp\/v2\/product_cat?post=11647"},{"taxonomy":"product_tag","embeddable":true,"href":"https:\/\/www.opticagracia.com\/fr\/wp-json\/wp\/v2\/product_tag?post=11647"}],"curies":[{"name":"wp","href":"https:\/\/api.w.org\/{rel}","templated":true}]}}