{"id":11844,"date":"2020-11-08T11:46:27","date_gmt":"2020-11-08T10:46:27","guid":{"rendered":"http:\/\/opticagracia.com\/?post_type=product&#038;p=11844"},"modified":"2025-02-18T23:57:26","modified_gmt":"2025-02-18T22:57:26","slug":"etnia-barcelona-montura-jordaan-bkbl","status":"publish","type":"product","link":"https:\/\/www.opticagracia.com\/fr\/producto\/etnia-barcelona-montura-jordaan-bkbl\/","title":{"rendered":"Montures Etnia Barcelona Eyewear Jordaan BKBL"},"content":{"rendered":"<p>Chez Etnia Barcelona, nous \u00e9crivons l'histoire en collaborant avec des l\u00e9gendes du monde de l'art et de la photographie. Chez Etnia Barcelona, nous ne travaillons qu'avec des verres min\u00e9raux de premi\u00e8re qualit\u00e9 de la soci\u00e9t\u00e9 italienne Barberini. Fabriqu\u00e9s en verre pur et travaill\u00e9s avec la technologie la plus avanc\u00e9e, ils offrent la meilleure exp\u00e9rience visuelle et sont r\u00e9sistants aux rayures.<\/p>\n<p>Nous travaillons avec diff\u00e9rentes cat\u00e9gories de lentilles et diff\u00e9rents niveaux d'assombrissement, en fonction du style et du but d'utilisation de chaque produit. La lentille photochromique r\u00e9agit aux rayons ultraviolets en s'assombrissant lorsqu'elle les d\u00e9tecte, ce qui permet \u00e0 la vision de s'adapter confortablement aux changements et aux yeux de rester d\u00e9tendus.<\/p>","protected":false},"excerpt":{"rendered":"<p>Etnia Barcelona Jordaan lunettes de vue, monture de lunettes. Lunettes fines, rondes, en ac\u00e9tate noir avec int\u00e9rieur havane. Monture de prescription avec la possibilit\u00e9 d'un filtre bleu pour les \u00e9crans.<\/p>","protected":false},"featured_media":11845,"template":"","meta":[],"product_brand":[1065],"product_cat":[829,848,907,910,908,205,206,572,814,828],"product_tag":[],"class_list":{"0":"post-11844","1":"product","2":"type-product","3":"status-publish","4":"has-post-thumbnail","6":"product_brand-etnia-barcelona","7":"product_cat-forma","8":"product_cat-gafas-graduadas","9":"product_cat-gafas-graduadas-hombre","10":"product_cat-gafas-graduadas-unisex","11":"product_cat-gafas-graduadas-mujer","12":"product_cat-gafas-hombre","13":"product_cat-gafas-mujer","14":"product_cat-gafas-redondas","15":"product_cat-gafas-unisex","16":"product_cat-menu","18":"first","19":"outofstock","20":"taxable","21":"shipping-taxable","22":"purchasable","23":"product-type-simple"},"_links":{"self":[{"href":"https:\/\/www.opticagracia.com\/fr\/wp-json\/wp\/v2\/product\/11844","targetHints":{"allow":["GET"]}}],"collection":[{"href":"https:\/\/www.opticagracia.com\/fr\/wp-json\/wp\/v2\/product"}],"about":[{"href":"https:\/\/www.opticagracia.com\/fr\/wp-json\/wp\/v2\/types\/product"}],"wp:featuredmedia":[{"embeddable":true,"href":"https:\/\/www.opticagracia.com\/fr\/wp-json\/wp\/v2\/media\/11845"}],"wp:attachment":[{"href":"https:\/\/www.opticagracia.com\/fr\/wp-json\/wp\/v2\/media?parent=11844"}],"wp:term":[{"taxonomy":"product_brand","embeddable":true,"href":"https:\/\/www.opticagracia.com\/fr\/wp-json\/wp\/v2\/product_brand?post=11844"},{"taxonomy":"product_cat","embeddable":true,"href":"https:\/\/www.opticagracia.com\/fr\/wp-json\/wp\/v2\/product_cat?post=11844"},{"taxonomy":"product_tag","embeddable":true,"href":"https:\/\/www.opticagracia.com\/fr\/wp-json\/wp\/v2\/product_tag?post=11844"}],"curies":[{"name":"wp","href":"https:\/\/api.w.org\/{rel}","templated":true}]}}