{"id":15877,"date":"2019-12-19T13:20:52","date_gmt":"2019-12-19T12:20:52","guid":{"rendered":"https:\/\/www.opticagracia.com\/?post_type=product&#038;p=15877"},"modified":"2025-02-22T10:07:02","modified_gmt":"2025-02-22T09:07:02","slug":"gafas-de-sol-ray-ban-kids-9506-271-11","status":"publish","type":"product","link":"https:\/\/www.opticagracia.com\/fr\/producto\/gafas-de-sol-ray-ban-kids-9506-271-11\/","title":{"rendered":"Lunettes de soleil Ray Ban Kids 9506 271\/11"},"content":{"rendered":"<p>Lunettes de soleil Ray Ban Junior 9506 de forme aviateur classique en m\u00e9tal noir avec des verres noirs d\u00e9grad\u00e9s.<\/p>\n<ul>\n<li>Couleur de la famille avant : Noir<\/li>\n<li>Mat\u00e9riau de l'oculaire : Organique<\/li>\n<li>Lentilles de propri\u00e9t\u00e9 : Standard<\/li>\n<li>Couleur des lentilles : Gris clair d\u00e9grad\u00e9 gris fonc\u00e9<\/li>\n<li>Note d'information : 2<\/li>\n<\/ul>\n<p>Les lunettes de soleil Ray-Ban 9506 Junior sont les lunettes Aviator parfaites pour les futurs pilotes et aventuriers. Il s'agit de la version enfant de l'embl\u00e9matique Ray-Ban Aviator, qui cr\u00e9e des looks surprenants et exclusifs. Elle est disponible dans des teintes m\u00e9talliques classiques, comme le gris plomb et le noir mat, ainsi que dans des couleurs plus gaies, comme le bleu clair et le rose satin\u00e9.<\/p>","protected":false},"excerpt":{"rendered":"<p>Lunettes de soleil Ray Ban Junior 9506 en forme d'aviateur classique noir m\u00e9tallis\u00e9 avec des verres gris d\u00e9grad\u00e9s pour une protection maximale.<\/p>","protected":false},"featured_media":15888,"template":"","meta":[],"product_brand":[1069],"product_cat":[829,584,895,913,914,819,814,828],"product_tag":[],"class_list":{"0":"post-15877","1":"product","2":"type-product","3":"status-publish","4":"has-post-thumbnail","6":"product_brand-ray-ban","7":"product_cat-forma","8":"product_cat-gafas-aviador","9":"product_cat-gafas-de-sol","10":"product_cat-gafas-de-sol-infantiles","11":"product_cat-gafas-de-sol-unisex","12":"product_cat-gafas-infantiles","13":"product_cat-gafas-unisex","14":"product_cat-menu","16":"first","17":"instock","18":"taxable","19":"shipping-taxable","20":"purchasable","21":"product-type-simple"},"_links":{"self":[{"href":"https:\/\/www.opticagracia.com\/fr\/wp-json\/wp\/v2\/product\/15877","targetHints":{"allow":["GET"]}}],"collection":[{"href":"https:\/\/www.opticagracia.com\/fr\/wp-json\/wp\/v2\/product"}],"about":[{"href":"https:\/\/www.opticagracia.com\/fr\/wp-json\/wp\/v2\/types\/product"}],"wp:featuredmedia":[{"embeddable":true,"href":"https:\/\/www.opticagracia.com\/fr\/wp-json\/wp\/v2\/media\/15888"}],"wp:attachment":[{"href":"https:\/\/www.opticagracia.com\/fr\/wp-json\/wp\/v2\/media?parent=15877"}],"wp:term":[{"taxonomy":"product_brand","embeddable":true,"href":"https:\/\/www.opticagracia.com\/fr\/wp-json\/wp\/v2\/product_brand?post=15877"},{"taxonomy":"product_cat","embeddable":true,"href":"https:\/\/www.opticagracia.com\/fr\/wp-json\/wp\/v2\/product_cat?post=15877"},{"taxonomy":"product_tag","embeddable":true,"href":"https:\/\/www.opticagracia.com\/fr\/wp-json\/wp\/v2\/product_tag?post=15877"}],"curies":[{"name":"wp","href":"https:\/\/api.w.org\/{rel}","templated":true}]}}