{"id":15917,"date":"2019-12-19T17:00:20","date_gmt":"2019-12-19T16:00:20","guid":{"rendered":"https:\/\/www.opticagracia.com\/?post_type=product&#038;p=15917"},"modified":"2025-02-12T17:40:30","modified_gmt":"2025-02-12T16:40:30","slug":"gafas-de-sol-ray-ban-kids-9062-7013-55","status":"publish","type":"product","link":"https:\/\/www.opticagracia.com\/fr\/producto\/gafas-de-sol-ray-ban-kids-9062-7013-55\/","title":{"rendered":"Lunettes de soleil Ray Ban Kids 9062 7013\/55"},"content":{"rendered":"<p>Inspir\u00e9es par le mod\u00e8le Andy Youngster, ces lunettes de soleil Ray-Ban Junior ont une monture rectangulaire classique unisexe. Avec des verres de haute qualit\u00e9 qui garantissent une protection maximale contre les UVB\/UVA, ces lunettes sont parfaites pour les enfants qui veulent prendre soin de leurs yeux sans faire de compromis sur le style.<\/p>\n<ul>\n<li>Couleur de la famille avant : Noir<\/li>\n<li>Mat\u00e9riau de l'oculaire : Organique<\/li>\n<li>Lentilles de propri\u00e9t\u00e9 : Standard<\/li>\n<li>Couleur de l'objectif : Bleu flash<\/li>\n<li>Note d'information : 3<\/li>\n<\/ul>\n<p>La monture flexible en fibre de nylon, avec sa partie avant fine et ses larges branches, est con\u00e7ue pour r\u00e9sister aux exigences des jeunes rockers les plus styl\u00e9s. Les branches et les branches sont r\u00e9glables, ce qui fait des Ray-Ban Junior RJ9062S le moyen parfait de personnaliser le style de l'enfant le plus cool.<\/p>","protected":false},"excerpt":{"rendered":"<p>Les lunettes Ray-Ban Junior RJ9062S s'inspirent des mod\u00e8les l\u00e9gendaires pour adultes, mais y ajoutent une touche contemporaine.<\/p>","protected":false},"featured_media":15918,"template":"","meta":[],"product_brand":[1069],"product_cat":[829,895,913,914,819,586,814,828],"product_tag":[],"class_list":{"0":"post-15917","1":"product","2":"type-product","3":"status-publish","4":"has-post-thumbnail","6":"product_brand-ray-ban","7":"product_cat-forma","8":"product_cat-gafas-de-sol","9":"product_cat-gafas-de-sol-infantiles","10":"product_cat-gafas-de-sol-unisex","11":"product_cat-gafas-infantiles","12":"product_cat-gafas-rectangulares","13":"product_cat-gafas-unisex","14":"product_cat-menu","16":"first","17":"instock","18":"taxable","19":"shipping-taxable","20":"purchasable","21":"product-type-simple"},"_links":{"self":[{"href":"https:\/\/www.opticagracia.com\/fr\/wp-json\/wp\/v2\/product\/15917","targetHints":{"allow":["GET"]}}],"collection":[{"href":"https:\/\/www.opticagracia.com\/fr\/wp-json\/wp\/v2\/product"}],"about":[{"href":"https:\/\/www.opticagracia.com\/fr\/wp-json\/wp\/v2\/types\/product"}],"wp:featuredmedia":[{"embeddable":true,"href":"https:\/\/www.opticagracia.com\/fr\/wp-json\/wp\/v2\/media\/15918"}],"wp:attachment":[{"href":"https:\/\/www.opticagracia.com\/fr\/wp-json\/wp\/v2\/media?parent=15917"}],"wp:term":[{"taxonomy":"product_brand","embeddable":true,"href":"https:\/\/www.opticagracia.com\/fr\/wp-json\/wp\/v2\/product_brand?post=15917"},{"taxonomy":"product_cat","embeddable":true,"href":"https:\/\/www.opticagracia.com\/fr\/wp-json\/wp\/v2\/product_cat?post=15917"},{"taxonomy":"product_tag","embeddable":true,"href":"https:\/\/www.opticagracia.com\/fr\/wp-json\/wp\/v2\/product_tag?post=15917"}],"curies":[{"name":"wp","href":"https:\/\/api.w.org\/{rel}","templated":true}]}}