{"id":16006,"date":"2021-12-31T17:00:49","date_gmt":"2021-12-31T16:00:49","guid":{"rendered":"https:\/\/www.opticagracia.com\/?post_type=product&#038;p=16006"},"modified":"2025-02-21T18:08:53","modified_gmt":"2025-02-21T17:08:53","slug":"gafas-de-sol-vogue-2843-w44-11","status":"publish","type":"product","link":"https:\/\/www.opticagracia.com\/fr\/producto\/gafas-de-sol-vogue-2843-w44-11\/","title":{"rendered":"Lunettes de soleil Vogue 2843 W44\/11"},"content":{"rendered":"<p>Lunettes de soleil Vogue, mod\u00e8le 2843. Lunettes en ac\u00e9tate noir, verres gris d\u00e9grad\u00e9s.<\/p>\n<ul>\n<li>Couleur de la famille avant : Noir<\/li>\n<li>Mat\u00e9riau de l'oculaire : Organique<\/li>\n<li>Lentilles de propri\u00e9t\u00e9 :\u00a0<span class=\"specific-info\">Standard<\/span><\/li>\n<li>Couleur des lentilles :\u00a0<span class=\"specific-info\">Gris d\u00e9grad\u00e9<br \/>\n<\/span><\/li>\n<li>Note d'information : 2n<\/li>\n<li>% Transmission 26<\/li>\n<\/ul>\n<p>Lunettes carr\u00e9es en ac\u00e9tate noir, verres gris d\u00e9grad\u00e9s pour une touche d'\u00e9l\u00e9gance.<\/p>","protected":false},"excerpt":{"rendered":"<p>Lunettes de soleil Vogue, mod\u00e8le 2843. Lunettes en ac\u00e9tate noir, verres gris d\u00e9grad\u00e9s.<\/p>","protected":false},"featured_media":16007,"template":"","meta":[],"product_brand":[1070],"product_cat":[829,579,895,912,206,828],"product_tag":[],"class_list":{"0":"post-16006","1":"product","2":"type-product","3":"status-publish","4":"has-post-thumbnail","6":"product_brand-vogue","7":"product_cat-forma","8":"product_cat-gafas-cuadradas","9":"product_cat-gafas-de-sol","10":"product_cat-gafas-de-sol-mujer","11":"product_cat-gafas-mujer","12":"product_cat-menu","14":"first","15":"outofstock","16":"taxable","17":"shipping-taxable","18":"purchasable","19":"product-type-simple"},"_links":{"self":[{"href":"https:\/\/www.opticagracia.com\/fr\/wp-json\/wp\/v2\/product\/16006","targetHints":{"allow":["GET"]}}],"collection":[{"href":"https:\/\/www.opticagracia.com\/fr\/wp-json\/wp\/v2\/product"}],"about":[{"href":"https:\/\/www.opticagracia.com\/fr\/wp-json\/wp\/v2\/types\/product"}],"wp:featuredmedia":[{"embeddable":true,"href":"https:\/\/www.opticagracia.com\/fr\/wp-json\/wp\/v2\/media\/16007"}],"wp:attachment":[{"href":"https:\/\/www.opticagracia.com\/fr\/wp-json\/wp\/v2\/media?parent=16006"}],"wp:term":[{"taxonomy":"product_brand","embeddable":true,"href":"https:\/\/www.opticagracia.com\/fr\/wp-json\/wp\/v2\/product_brand?post=16006"},{"taxonomy":"product_cat","embeddable":true,"href":"https:\/\/www.opticagracia.com\/fr\/wp-json\/wp\/v2\/product_cat?post=16006"},{"taxonomy":"product_tag","embeddable":true,"href":"https:\/\/www.opticagracia.com\/fr\/wp-json\/wp\/v2\/product_tag?post=16006"}],"curies":[{"name":"wp","href":"https:\/\/api.w.org\/{rel}","templated":true}]}}