{"id":16063,"date":"2022-01-07T18:51:17","date_gmt":"2022-01-07T17:51:17","guid":{"rendered":"https:\/\/www.opticagracia.com\/?post_type=product&#038;p=16063"},"modified":"2025-12-03T18:44:42","modified_gmt":"2025-12-03T17:44:42","slug":"gafas-de-sol-prada-15ws-09q5s0","status":"publish","type":"product","link":"https:\/\/www.opticagracia.com\/fr\/producto\/gafas-de-sol-prada-15ws-09q5s0\/","title":{"rendered":"Lunettes de soleil Prada 15WS 09Q5S0"},"content":{"rendered":"<p>Les lunettes de soleil Prada capturent l'essence de l'\u00e9l\u00e9gance moderne et de la sophistication vintage. Vous pourrez choisir les lunettes de soleil qui conviennent \u00e0 votre style gr\u00e2ce \u00e0 la grande vari\u00e9t\u00e9 de styles et de couleurs propos\u00e9e par la marque de mode. Montrez au monde votre style unique avec les lunettes de soleil Prada.<\/p>\n<ul>\n<li><span class=\"specific-info frontColor\" data-frontcolor=\"negro\">Couleur de la famille avant : Noir<\/span><\/li>\n<li><span class=\"specific-info\">Mat\u00e9riau de l'oculaire : Organique<br \/>\n<\/span><\/li>\n<li><span class=\"specific-info\">Lentilles de propri\u00e9t\u00e9 : Standard<\/span><\/li>\n<li><span class=\"specific-info\">Couleur des lentilles : Gris fonc\u00e9<br \/>\n<\/span><\/li>\n<li><span class=\"specific-info\">Note d'information 3n <\/span><\/li>\n<li><span class=\"specific-info\">Transmission 10<br \/>\n<\/span><\/li>\n<\/ul>","protected":false},"excerpt":{"rendered":"<p>Lunettes Prada, mod\u00e8le classique en ac\u00e9tate noir fin avec branches blanches et verres gris fonc\u00e9.<\/p>","protected":false},"featured_media":17412,"template":"","meta":[],"product_brand":[1060],"product_cat":[829,895,912,206,586,828],"product_tag":[],"class_list":{"0":"post-16063","1":"product","2":"type-product","3":"status-publish","4":"has-post-thumbnail","6":"product_brand-prada","7":"product_cat-forma","8":"product_cat-gafas-de-sol","9":"product_cat-gafas-de-sol-mujer","10":"product_cat-gafas-mujer","11":"product_cat-gafas-rectangulares","12":"product_cat-menu","14":"first","15":"outofstock","16":"taxable","17":"shipping-taxable","18":"purchasable","19":"product-type-simple"},"_links":{"self":[{"href":"https:\/\/www.opticagracia.com\/fr\/wp-json\/wp\/v2\/product\/16063","targetHints":{"allow":["GET"]}}],"collection":[{"href":"https:\/\/www.opticagracia.com\/fr\/wp-json\/wp\/v2\/product"}],"about":[{"href":"https:\/\/www.opticagracia.com\/fr\/wp-json\/wp\/v2\/types\/product"}],"wp:featuredmedia":[{"embeddable":true,"href":"https:\/\/www.opticagracia.com\/fr\/wp-json\/wp\/v2\/media\/17412"}],"wp:attachment":[{"href":"https:\/\/www.opticagracia.com\/fr\/wp-json\/wp\/v2\/media?parent=16063"}],"wp:term":[{"taxonomy":"product_brand","embeddable":true,"href":"https:\/\/www.opticagracia.com\/fr\/wp-json\/wp\/v2\/product_brand?post=16063"},{"taxonomy":"product_cat","embeddable":true,"href":"https:\/\/www.opticagracia.com\/fr\/wp-json\/wp\/v2\/product_cat?post=16063"},{"taxonomy":"product_tag","embeddable":true,"href":"https:\/\/www.opticagracia.com\/fr\/wp-json\/wp\/v2\/product_tag?post=16063"}],"curies":[{"name":"wp","href":"https:\/\/api.w.org\/{rel}","templated":true}]}}