{"id":16649,"date":"2022-06-01T19:36:12","date_gmt":"2022-06-01T17:36:12","guid":{"rendered":"https:\/\/www.opticagracia.com\/?post_type=product&#038;p=16649"},"modified":"2025-11-21T13:11:47","modified_gmt":"2025-11-21T12:11:47","slug":"gafas-de-sol-ray-ban-2186-1324bg-state-street","status":"publish","type":"product","link":"https:\/\/www.opticagracia.com\/fr\/producto\/gafas-de-sol-ray-ban-2186-1324bg-state-street\/","title":{"rendered":"Lunettes de Soleil Ray Ban Sunglasses 2186 1324BG state street"},"content":{"rendered":"<p>La famille Wayfarer se poursuit avec la Statestreet. Sa forme irr\u00e9guli\u00e8re originale, en ac\u00e9tate, devient un mod\u00e8le contemporain.  Les extr\u00e9mit\u00e9s des branches en ac\u00e9tate moderne et le logo Ray-Ban compl\u00e8tent le look.<\/p>\n<ul>\n<li><span class=\"specific-info frontColor\" data-frontcolor=\"havana\">FAMILLE DE COULEURS DE L'AVANT : rose \u00e9caille<br \/>\n<\/span><\/li>\n<li><span class=\"specific-info\">MAT\u00c9RIAU DES LENTILLES Cristal<\/span><\/li>\n<li><span class=\"specific-info\">PROPRI\u00c9T\u00c9 DE LA LENTILIT\u00c9 : standard<\/span><\/li>\n<li><span class=\"specific-info\">COULEUR DE L'OBJECTIF : <span class=\"specific-info frontColor\" data-frontcolor=\"havana\">gradient brun\/bleu0<\/span><br \/>\n<\/span><\/li>\n<li><span class=\"specific-info\">NOTE D'INFORMATION 2n<\/span><span class=\"specific-info\">% <\/span><\/li>\n<li><span class=\"specific-info\">TRANSMISSION 15.30<\/span><\/li>\n<\/ul>","protected":false},"excerpt":{"rendered":"<p>Lunettes en ac\u00e9tate en \u00e9caille rose, avec une forme carr\u00e9e irr\u00e9guli\u00e8re tr\u00e8s tendance. Id\u00e9ales pour votre garde-robe.<\/p>","protected":false},"featured_media":16650,"template":"","meta":[],"product_brand":[1069],"product_cat":[829,579,895,913,912,585,580,575,581,206,828],"product_tag":[],"class_list":{"0":"post-16649","1":"product","2":"type-product","3":"status-publish","4":"has-post-thumbnail","6":"product_brand-ray-ban","7":"product_cat-forma","8":"product_cat-gafas-cuadradas","9":"product_cat-gafas-de-sol","10":"product_cat-gafas-de-sol-infantiles","11":"product_cat-gafas-de-sol-mujer","12":"product_cat-gafas-doble-puente","13":"product_cat-gafas-forma-mariposa","14":"product_cat-gafas-ojo-de-gato","15":"product_cat-gafas-hexagonales","16":"product_cat-gafas-mujer","17":"product_cat-menu","19":"first","20":"instock","21":"taxable","22":"shipping-taxable","23":"purchasable","24":"product-type-simple"},"_links":{"self":[{"href":"https:\/\/www.opticagracia.com\/fr\/wp-json\/wp\/v2\/product\/16649","targetHints":{"allow":["GET"]}}],"collection":[{"href":"https:\/\/www.opticagracia.com\/fr\/wp-json\/wp\/v2\/product"}],"about":[{"href":"https:\/\/www.opticagracia.com\/fr\/wp-json\/wp\/v2\/types\/product"}],"wp:featuredmedia":[{"embeddable":true,"href":"https:\/\/www.opticagracia.com\/fr\/wp-json\/wp\/v2\/media\/16650"}],"wp:attachment":[{"href":"https:\/\/www.opticagracia.com\/fr\/wp-json\/wp\/v2\/media?parent=16649"}],"wp:term":[{"taxonomy":"product_brand","embeddable":true,"href":"https:\/\/www.opticagracia.com\/fr\/wp-json\/wp\/v2\/product_brand?post=16649"},{"taxonomy":"product_cat","embeddable":true,"href":"https:\/\/www.opticagracia.com\/fr\/wp-json\/wp\/v2\/product_cat?post=16649"},{"taxonomy":"product_tag","embeddable":true,"href":"https:\/\/www.opticagracia.com\/fr\/wp-json\/wp\/v2\/product_tag?post=16649"}],"curies":[{"name":"wp","href":"https:\/\/api.w.org\/{rel}","templated":true}]}}