{"id":16669,"date":"2022-06-11T18:46:55","date_gmt":"2022-06-11T16:46:55","guid":{"rendered":"https:\/\/www.opticagracia.com\/?post_type=product&#038;p=16669"},"modified":"2025-02-21T17:56:21","modified_gmt":"2025-02-21T16:56:21","slug":"gafas-de-sol-ray-ban-4340-wayfarer-2140-601","status":"publish","type":"product","link":"https:\/\/www.opticagracia.com\/fr\/producto\/gafas-de-sol-ray-ban-4340-wayfarer-2140-601\/","title":{"rendered":"Lunettes de soleil Ray Ban 4340 Wayfarer 2140 601 Lunettes de soleil"},"content":{"rendered":"<p>Lunettes de soleil Ray Ban 4340 Wayfarer 2140 en ac\u00e9tate noir avec des verres min\u00e9raux verts pour une protection maximale.<\/p>\n<ul>\n<li>Couleur de la famille avant : noir<\/li>\n<li>Mat\u00e9riau de l'oculaire : min\u00e9ral<\/li>\n<li>Propri\u00e9t\u00e9 de l'objectif : standard<\/li>\n<li>Couleur des verres : vert<\/li>\n<li>Note d'information 3n<\/li>\n<li>% Transmission 13.2<\/li>\n<\/ul>\n<p>La Ray-Ban Original Wayfarer Classic est le mod\u00e8le le plus reconnaissable de l'histoire des lunettes de soleil. Depuis leur conception initiale en 1952, les Wayfarer Classic sont populaires aupr\u00e8s des c\u00e9l\u00e9brit\u00e9s, des musiciens, des artistes et des personnes ayant un sens de la mode irr\u00e9prochable. En tant que mod\u00e8le de lunettes de soleil embl\u00e9matique, les lunettes Original Wayfarer Classic sont id\u00e9ales pour tous les looks.<\/p>","protected":false},"excerpt":{"rendered":"<p>Lunettes de soleil Ray Ban 4340 Wayfarer 2140 en ac\u00e9tate noir avec des verres min\u00e9raux verts pour une protection maximale.<\/p>","protected":false},"featured_media":11393,"template":"","meta":[],"product_brand":[1069],"product_cat":[829,579,895,911,913,912,914,205,206,814,828],"product_tag":[],"class_list":{"0":"post-16669","1":"product","2":"type-product","3":"status-publish","4":"has-post-thumbnail","6":"product_brand-ray-ban","7":"product_cat-forma","8":"product_cat-gafas-cuadradas","9":"product_cat-gafas-de-sol","10":"product_cat-gafas-de-sol-hombre","11":"product_cat-gafas-de-sol-infantiles","12":"product_cat-gafas-de-sol-mujer","13":"product_cat-gafas-de-sol-unisex","14":"product_cat-gafas-hombre","15":"product_cat-gafas-mujer","16":"product_cat-gafas-unisex","17":"product_cat-menu","19":"first","20":"instock","21":"taxable","22":"shipping-taxable","23":"purchasable","24":"product-type-variable"},"_links":{"self":[{"href":"https:\/\/www.opticagracia.com\/fr\/wp-json\/wp\/v2\/product\/16669","targetHints":{"allow":["GET"]}}],"collection":[{"href":"https:\/\/www.opticagracia.com\/fr\/wp-json\/wp\/v2\/product"}],"about":[{"href":"https:\/\/www.opticagracia.com\/fr\/wp-json\/wp\/v2\/types\/product"}],"wp:featuredmedia":[{"embeddable":true,"href":"https:\/\/www.opticagracia.com\/fr\/wp-json\/wp\/v2\/media\/11393"}],"wp:attachment":[{"href":"https:\/\/www.opticagracia.com\/fr\/wp-json\/wp\/v2\/media?parent=16669"}],"wp:term":[{"taxonomy":"product_brand","embeddable":true,"href":"https:\/\/www.opticagracia.com\/fr\/wp-json\/wp\/v2\/product_brand?post=16669"},{"taxonomy":"product_cat","embeddable":true,"href":"https:\/\/www.opticagracia.com\/fr\/wp-json\/wp\/v2\/product_cat?post=16669"},{"taxonomy":"product_tag","embeddable":true,"href":"https:\/\/www.opticagracia.com\/fr\/wp-json\/wp\/v2\/product_tag?post=16669"}],"curies":[{"name":"wp","href":"https:\/\/api.w.org\/{rel}","templated":true}]}}