{"id":16720,"date":"2022-07-16T12:09:08","date_gmt":"2022-07-16T10:09:08","guid":{"rendered":"https:\/\/www.opticagracia.com\/?post_type=product&#038;p=16720"},"modified":"2025-02-21T21:55:24","modified_gmt":"2025-02-21T20:55:24","slug":"gafas-de-sol-michael-kors-2170-390818","status":"publish","type":"product","link":"https:\/\/www.opticagracia.com\/fr\/producto\/gafas-de-sol-michael-kors-2170-390818\/","title":{"rendered":"Lunettes de soleil Michael Kors 2170 390818"},"content":{"rendered":"<p>Les lunettes de soleil Michael Kors de la collection Karlie sont caract\u00e9ris\u00e9es par le logo signature sur le c\u00f4t\u00e9 de la branche ainsi que par le sac \u00e0 main, le chapeau et la ceinture de la collection.<\/p>\n<p>La forme carr\u00e9e \u00e0 la coupe universelle est la pi\u00e8ce parfaite pour accompagner vos looks les plus audacieux.<\/p>","protected":false},"excerpt":{"rendered":"<p>Les lunettes de soleil Michael Kors de la collection Karlie sont caract\u00e9ris\u00e9es par le logo signature sur le c\u00f4t\u00e9 de la branche ainsi que par le sac \u00e0 main, le chapeau et la ceinture de la collection.<\/p>\n<p>La forme carr\u00e9e \u00e0 la coupe universelle est la pi\u00e8ce parfaite pour accompagner vos looks les plus audacieux.<\/p>\n<ul>\n<li><span class=\"specific-info frontColor\" data-frontcolor=\"havana\">Couleur de la famille avant : Noir avec \u00e9cailles de tortue<br \/>\n<\/span><\/li>\n<li><span class=\"specific-info\"> Mat\u00e9riau de l'oculaire Inject\u00e9<\/span><\/li>\n<li><span class=\"specific-info\"> Lentilles de propri\u00e9t\u00e9 : Standard<\/span><\/li>\n<li><span class=\"specific-info\"> Couleur des lentilles : Gris et orange d\u00e9grad\u00e9<br \/>\n<\/span><\/li>\n<li><span class=\"specific-info\"> Note d'information 2n <\/span> <span class=\"specific-info\"> %<\/span><\/li>\n<li><span class=\"specific-info\"> Transmission 26.9 <\/span><\/li>\n<\/ul>","protected":false},"featured_media":16721,"template":"","meta":[],"product_brand":[1066],"product_cat":[829,579,895,912,206,582,828],"product_tag":[],"class_list":{"0":"post-16720","1":"product","2":"type-product","3":"status-publish","4":"has-post-thumbnail","6":"product_brand-michael-kors","7":"product_cat-forma","8":"product_cat-gafas-cuadradas","9":"product_cat-gafas-de-sol","10":"product_cat-gafas-de-sol-mujer","11":"product_cat-gafas-mujer","12":"product_cat-gafas-de-pantalla","13":"product_cat-menu","15":"first","16":"instock","17":"taxable","18":"shipping-taxable","19":"purchasable","20":"product-type-simple"},"_links":{"self":[{"href":"https:\/\/www.opticagracia.com\/fr\/wp-json\/wp\/v2\/product\/16720","targetHints":{"allow":["GET"]}}],"collection":[{"href":"https:\/\/www.opticagracia.com\/fr\/wp-json\/wp\/v2\/product"}],"about":[{"href":"https:\/\/www.opticagracia.com\/fr\/wp-json\/wp\/v2\/types\/product"}],"wp:featuredmedia":[{"embeddable":true,"href":"https:\/\/www.opticagracia.com\/fr\/wp-json\/wp\/v2\/media\/16721"}],"wp:attachment":[{"href":"https:\/\/www.opticagracia.com\/fr\/wp-json\/wp\/v2\/media?parent=16720"}],"wp:term":[{"taxonomy":"product_brand","embeddable":true,"href":"https:\/\/www.opticagracia.com\/fr\/wp-json\/wp\/v2\/product_brand?post=16720"},{"taxonomy":"product_cat","embeddable":true,"href":"https:\/\/www.opticagracia.com\/fr\/wp-json\/wp\/v2\/product_cat?post=16720"},{"taxonomy":"product_tag","embeddable":true,"href":"https:\/\/www.opticagracia.com\/fr\/wp-json\/wp\/v2\/product_tag?post=16720"}],"curies":[{"name":"wp","href":"https:\/\/api.w.org\/{rel}","templated":true}]}}