{"id":17264,"date":"2022-12-21T18:03:54","date_gmt":"2022-12-21T17:03:54","guid":{"rendered":"https:\/\/www.opticagracia.com\/?post_type=product&#038;p=17264"},"modified":"2025-02-18T22:34:50","modified_gmt":"2025-02-18T21:34:50","slug":"gafas-de-sol-philipp-plein-029-0568","status":"publish","type":"product","link":"https:\/\/www.opticagracia.com\/fr\/producto\/gafas-de-sol-philipp-plein-029-0568\/","title":{"rendered":"Philipp Plein 029 0568 Lunettes de soleil"},"content":{"rendered":"<p>Philipp Plein r\u00e9volutionne le paysage de la mode en promouvant un nouveau concept de luxe et de style de vie.<\/p>\n<p>La collection de lunettes de Philipp Plein incarne parfaitement son esprit Rock and Roll.<\/p>\n<p>La collection se caract\u00e9rise par des mat\u00e9riaux de qualit\u00e9 sup\u00e9rieure et des d\u00e9tails pr\u00e9cieux qui rendent chaque mod\u00e8le unique, sp\u00e9cial et dot\u00e9 d'une forte personnalit\u00e9.<\/p>","protected":false},"excerpt":{"rendered":"<ul>\n<li>Mat\u00e9riau du cadre : m\u00e9tal<\/li>\n<li>Couleur des verres : Fum\u00e9<\/li>\n<li>Propri\u00e9t\u00e9 de l'objectif : standard<\/li>\n<\/ul>\n<p>Lunettes de soleil Philipp Plein 029, \u00e9cran incurv\u00e9 de couleur fum\u00e9e, tr\u00e8s l\u00e9g\u00e8res.<\/p>","protected":false},"featured_media":17265,"template":"","meta":[],"product_brand":[1049],"product_cat":[829,592,895,911,912,914,205,206,586,582,814,828,179],"product_tag":[],"class_list":{"0":"post-17264","1":"product","2":"type-product","3":"status-publish","4":"has-post-thumbnail","6":"product_brand-philipp-plein","7":"product_cat-forma","8":"product_cat-gafas-curvadas","9":"product_cat-gafas-de-sol","10":"product_cat-gafas-de-sol-hombre","11":"product_cat-gafas-de-sol-mujer","12":"product_cat-gafas-de-sol-unisex","13":"product_cat-gafas-hombre","14":"product_cat-gafas-mujer","15":"product_cat-gafas-rectangulares","16":"product_cat-gafas-de-pantalla","17":"product_cat-gafas-unisex","18":"product_cat-menu","19":"product_cat-outlet","21":"first","22":"instock","23":"sale","24":"taxable","25":"shipping-taxable","26":"purchasable","27":"product-type-simple"},"_links":{"self":[{"href":"https:\/\/www.opticagracia.com\/fr\/wp-json\/wp\/v2\/product\/17264","targetHints":{"allow":["GET"]}}],"collection":[{"href":"https:\/\/www.opticagracia.com\/fr\/wp-json\/wp\/v2\/product"}],"about":[{"href":"https:\/\/www.opticagracia.com\/fr\/wp-json\/wp\/v2\/types\/product"}],"wp:featuredmedia":[{"embeddable":true,"href":"https:\/\/www.opticagracia.com\/fr\/wp-json\/wp\/v2\/media\/17265"}],"wp:attachment":[{"href":"https:\/\/www.opticagracia.com\/fr\/wp-json\/wp\/v2\/media?parent=17264"}],"wp:term":[{"taxonomy":"product_brand","embeddable":true,"href":"https:\/\/www.opticagracia.com\/fr\/wp-json\/wp\/v2\/product_brand?post=17264"},{"taxonomy":"product_cat","embeddable":true,"href":"https:\/\/www.opticagracia.com\/fr\/wp-json\/wp\/v2\/product_cat?post=17264"},{"taxonomy":"product_tag","embeddable":true,"href":"https:\/\/www.opticagracia.com\/fr\/wp-json\/wp\/v2\/product_tag?post=17264"}],"curies":[{"name":"wp","href":"https:\/\/api.w.org\/{rel}","templated":true}]}}