{"id":17438,"date":"2023-01-20T13:28:52","date_gmt":"2023-01-20T12:28:52","guid":{"rendered":"https:\/\/www.opticagracia.com\/?post_type=product&#038;p=17438"},"modified":"2025-11-21T13:10:30","modified_gmt":"2025-11-21T12:10:30","slug":"gafas-de-sol-ray-ban-0840s-901-31-mega-wayfarer","status":"publish","type":"product","link":"https:\/\/www.opticagracia.com\/fr\/producto\/gafas-de-sol-ray-ban-0840s-901-31-mega-wayfarer\/","title":{"rendered":"Lunettes de Soleil Ray Ban 0840S 901\/31 MEGA WAYFARER"},"content":{"rendered":"<p>Lunettes de soleil Ray Ban 0840S Mega Wayfarer en ac\u00e9tate noir avec des verres min\u00e9raux verts pour une protection maximale.<\/p>\n<ul>\n<li>Couleur de la famille avant : noir<\/li>\n<li>Mat\u00e9riau de l'oculaire : min\u00e9ral<\/li>\n<li>Propri\u00e9t\u00e9 de l'objectif : standard<\/li>\n<li>Couleur des verres : vert<\/li>\n<li>Note d'information 3n<\/li>\n<\/ul>\n<p>L'\u00e9volution moderne de l'embl\u00e8me du rock des ann\u00e9es 60 et de l'art des ann\u00e9es 80.<\/p>\n<p>Les Mega Wayfarer sont une nouvelle ic\u00f4ne qui repr\u00e9sente la modernit\u00e9. D\u00e9finies par des profils \u00e9pais et des branches rivet\u00e9es avec des rivets en pointill\u00e9s sur le devant, elles sont l'\u00e9volution du mod\u00e8le Wayfarer classique des ann\u00e9es 80.<\/p>","protected":false},"excerpt":{"rendered":"<p>Lunettes de soleil Ray Ban 0840S Mega Wayfarer en ac\u00e9tate noir avec des verres min\u00e9raux verts pour une protection maximale.<\/p>","protected":false},"featured_media":17439,"template":"","meta":[],"product_brand":[1069],"product_cat":[829,579,895,911,912,914,205,206,814,828],"product_tag":[],"class_list":{"0":"post-17438","1":"product","2":"type-product","3":"status-publish","4":"has-post-thumbnail","6":"product_brand-ray-ban","7":"product_cat-forma","8":"product_cat-gafas-cuadradas","9":"product_cat-gafas-de-sol","10":"product_cat-gafas-de-sol-hombre","11":"product_cat-gafas-de-sol-mujer","12":"product_cat-gafas-de-sol-unisex","13":"product_cat-gafas-hombre","14":"product_cat-gafas-mujer","15":"product_cat-gafas-unisex","16":"product_cat-menu","18":"first","19":"instock","20":"taxable","21":"shipping-taxable","22":"purchasable","23":"product-type-simple"},"_links":{"self":[{"href":"https:\/\/www.opticagracia.com\/fr\/wp-json\/wp\/v2\/product\/17438","targetHints":{"allow":["GET"]}}],"collection":[{"href":"https:\/\/www.opticagracia.com\/fr\/wp-json\/wp\/v2\/product"}],"about":[{"href":"https:\/\/www.opticagracia.com\/fr\/wp-json\/wp\/v2\/types\/product"}],"wp:featuredmedia":[{"embeddable":true,"href":"https:\/\/www.opticagracia.com\/fr\/wp-json\/wp\/v2\/media\/17439"}],"wp:attachment":[{"href":"https:\/\/www.opticagracia.com\/fr\/wp-json\/wp\/v2\/media?parent=17438"}],"wp:term":[{"taxonomy":"product_brand","embeddable":true,"href":"https:\/\/www.opticagracia.com\/fr\/wp-json\/wp\/v2\/product_brand?post=17438"},{"taxonomy":"product_cat","embeddable":true,"href":"https:\/\/www.opticagracia.com\/fr\/wp-json\/wp\/v2\/product_cat?post=17438"},{"taxonomy":"product_tag","embeddable":true,"href":"https:\/\/www.opticagracia.com\/fr\/wp-json\/wp\/v2\/product_tag?post=17438"}],"curies":[{"name":"wp","href":"https:\/\/api.w.org\/{rel}","templated":true}]}}