{"id":17549,"date":"2023-01-30T17:38:56","date_gmt":"2023-01-30T16:38:56","guid":{"rendered":"https:\/\/www.opticagracia.com\/?post_type=product&#038;p=17549"},"modified":"2025-02-12T20:45:04","modified_gmt":"2025-02-12T19:45:04","slug":"gafas-de-sol-michael-kors-2163-300586","status":"publish","type":"product","link":"https:\/\/www.opticagracia.com\/fr\/producto\/gafas-de-sol-michael-kors-2163-300586\/","title":{"rendered":"Lunettes de soleil Michael Kors 2163 300586"},"content":{"rendered":"<p>Les lunettes de soleil Michael Kors de la collection San Marino se caract\u00e9risent par des formes carr\u00e9es surdimensionn\u00e9es, des couleurs unies et l'imprim\u00e9 animalier caract\u00e9ristique de nombreux mod\u00e8les de la marque.<\/p>\n<p>Lunettes Michael Kors, mod\u00e8le 2163 300586, forme carr\u00e9e surdimensionn\u00e9e en verres noirs et gris d\u00e9grad\u00e9s de la plus haute qualit\u00e9.<\/p>\n<ul>\n<li>Couleur de la famille avant : Noir<\/li>\n<li>Mat\u00e9riau du cadre : ac\u00e9tate<\/li>\n<li>Lentilles de propri\u00e9t\u00e9 : Standard<\/li>\n<li>Couleur de l'objectif : Gris d\u00e9grad\u00e9<\/li>\n<\/ul>","protected":false},"excerpt":{"rendered":"<p>Lunettes Michael Kors, mod\u00e8le 2163 300586, forme carr\u00e9e surdimensionn\u00e9e en verres noirs et gris d\u00e9grad\u00e9s de la plus haute qualit\u00e9.<\/p>","protected":false},"featured_media":17550,"template":"","meta":[],"product_brand":[1066],"product_cat":[829,579,895,912,206,828],"product_tag":[],"class_list":{"0":"post-17549","1":"product","2":"type-product","3":"status-publish","4":"has-post-thumbnail","6":"product_brand-michael-kors","7":"product_cat-forma","8":"product_cat-gafas-cuadradas","9":"product_cat-gafas-de-sol","10":"product_cat-gafas-de-sol-mujer","11":"product_cat-gafas-mujer","12":"product_cat-menu","14":"first","15":"instock","16":"taxable","17":"shipping-taxable","18":"purchasable","19":"product-type-simple"},"_links":{"self":[{"href":"https:\/\/www.opticagracia.com\/fr\/wp-json\/wp\/v2\/product\/17549","targetHints":{"allow":["GET"]}}],"collection":[{"href":"https:\/\/www.opticagracia.com\/fr\/wp-json\/wp\/v2\/product"}],"about":[{"href":"https:\/\/www.opticagracia.com\/fr\/wp-json\/wp\/v2\/types\/product"}],"wp:featuredmedia":[{"embeddable":true,"href":"https:\/\/www.opticagracia.com\/fr\/wp-json\/wp\/v2\/media\/17550"}],"wp:attachment":[{"href":"https:\/\/www.opticagracia.com\/fr\/wp-json\/wp\/v2\/media?parent=17549"}],"wp:term":[{"taxonomy":"product_brand","embeddable":true,"href":"https:\/\/www.opticagracia.com\/fr\/wp-json\/wp\/v2\/product_brand?post=17549"},{"taxonomy":"product_cat","embeddable":true,"href":"https:\/\/www.opticagracia.com\/fr\/wp-json\/wp\/v2\/product_cat?post=17549"},{"taxonomy":"product_tag","embeddable":true,"href":"https:\/\/www.opticagracia.com\/fr\/wp-json\/wp\/v2\/product_tag?post=17549"}],"curies":[{"name":"wp","href":"https:\/\/api.w.org\/{rel}","templated":true}]}}