{"id":17627,"date":"2023-02-09T17:00:54","date_gmt":"2023-02-09T16:00:54","guid":{"rendered":"https:\/\/www.opticagracia.com\/?post_type=product&#038;p=17627"},"modified":"2025-02-15T19:00:18","modified_gmt":"2025-02-15T18:00:18","slug":"lentillas-devil-halloween","status":"publish","type":"product","link":"https:\/\/www.opticagracia.com\/fr\/producto\/lentillas-devil-halloween\/","title":{"rendered":"lentilles de contact pour Halloween"},"content":{"rendered":"<p>Lentilles d\u00e9moniaques pour Halloween, carnaval et soir\u00e9es d\u00e9guis\u00e9es. Les lentilles Crazy Lens One Day vous offrent un maximum de confort et de commodit\u00e9. Nos meilleures ventes Whiteout, Red Devil, White Zombie, Dragon Eyes, Orange wolf, Blood Shot, sont maintenant disponibles en lentilles jetables journali\u00e8res. Procurez-vous une paire pour une f\u00eate costum\u00e9e sans souci ou pour Halloween cette ann\u00e9e.<\/p>\n<p>Un confort sup\u00e9rieur et des yeux plus sains<br \/>\n- Facile \u00e0 manipuler, sans avoir \u00e0 se pencher.<br \/>\n- Pas d'entretien quotidien jetable<br \/>\n- Mat\u00e9riau hydrogel brevet\u00e9 pour un confort tout au long de la journ\u00e9e.<br \/>\n- La teneur \u00e9lev\u00e9e en eau (55%) permet de conserver l'humidit\u00e9 tout au long de la journ\u00e9e.<br \/>\n- SmartEdge pour une absence de sensation parasite (attention \u00e0 la lentille)<\/p>\n<p><strong>COMMENT PORTER DES LENTILLES DE CONTACT ICI :\u00a0<\/strong><a href=\"https:\/\/www.opticagracia.com\/fr\/com-utilitzar-lents-contacte\/\"><strong>www.opticagracia.com\/com-utilitzar-lents-contacte\/<\/strong><\/a><\/p>","protected":false},"excerpt":{"rendered":"<p>Lentilles de contact d\u00e9moniaques pour Halloween, carnaval et soir\u00e9es d\u00e9guis\u00e9es. Disponibles en jetables journali\u00e8res.<\/p>","protected":false},"featured_media":17629,"template":"","meta":[],"product_brand":[],"product_cat":[897],"product_tag":[],"class_list":{"0":"post-17627","1":"product","2":"type-product","3":"status-publish","4":"has-post-thumbnail","6":"product_cat-lentillas","8":"first","9":"instock","10":"taxable","11":"shipping-taxable","12":"purchasable","13":"product-type-simple"},"_links":{"self":[{"href":"https:\/\/www.opticagracia.com\/fr\/wp-json\/wp\/v2\/product\/17627","targetHints":{"allow":["GET"]}}],"collection":[{"href":"https:\/\/www.opticagracia.com\/fr\/wp-json\/wp\/v2\/product"}],"about":[{"href":"https:\/\/www.opticagracia.com\/fr\/wp-json\/wp\/v2\/types\/product"}],"wp:featuredmedia":[{"embeddable":true,"href":"https:\/\/www.opticagracia.com\/fr\/wp-json\/wp\/v2\/media\/17629"}],"wp:attachment":[{"href":"https:\/\/www.opticagracia.com\/fr\/wp-json\/wp\/v2\/media?parent=17627"}],"wp:term":[{"taxonomy":"product_brand","embeddable":true,"href":"https:\/\/www.opticagracia.com\/fr\/wp-json\/wp\/v2\/product_brand?post=17627"},{"taxonomy":"product_cat","embeddable":true,"href":"https:\/\/www.opticagracia.com\/fr\/wp-json\/wp\/v2\/product_cat?post=17627"},{"taxonomy":"product_tag","embeddable":true,"href":"https:\/\/www.opticagracia.com\/fr\/wp-json\/wp\/v2\/product_tag?post=17627"}],"curies":[{"name":"wp","href":"https:\/\/api.w.org\/{rel}","templated":true}]}}