{"id":17737,"date":"2023-03-11T13:24:40","date_gmt":"2023-03-11T12:24:40","guid":{"rendered":"https:\/\/www.opticagracia.com\/?post_type=product&#038;p=17737"},"modified":"2025-02-15T18:36:30","modified_gmt":"2025-02-15T17:36:30","slug":"gafas-de-sol-oakley-9448-03-sylas","status":"publish","type":"product","link":"https:\/\/www.opticagracia.com\/fr\/producto\/gafas-de-sol-oakley-9448-03-sylas\/","title":{"rendered":"Lunettes de soleil Oakley 9448-03 Lunettes de soleil Sylas"},"content":{"rendered":"<p>Lunettes de soleil Oakley 9448-03 Sylas en plastique mat incurv\u00e9 noir avec lentilles PRIZM noires.<\/p>\n<ul>\n<li>Famille avant : noir mat<\/li>\n<li>Mat\u00e9riau de l'oculaire : organique<\/li>\n<li>Propri\u00e9t\u00e9 de l'objectif : standard<\/li>\n<li>Couleur des verres : noir prizm<\/li>\n<li>100% UV<\/li>\n<\/ul>\n<p>Ce mod\u00e8le de cadre moderne offre une protection compl\u00e8te et est dot\u00e9 d'\u00e9l\u00e9ments performants.<\/p>\n<p>Les lentilles Prizm offrent un contraste maximal et une visibilit\u00e9 am\u00e9lior\u00e9e avec les avantages de la filtration HD brillante d'Oakley.<\/p>","protected":false},"excerpt":{"rendered":"<p>Lunettes de soleil Oakley 9448-03 Sylas en plastique mat incurv\u00e9 noir avec lentilles PRIZM noires.<\/p>","protected":false},"featured_media":17738,"template":"","meta":[],"product_brand":[1068],"product_cat":[829,592,895,911,912,914,205,206,586,814,828],"product_tag":[],"class_list":{"0":"post-17737","1":"product","2":"type-product","3":"status-publish","4":"has-post-thumbnail","6":"product_brand-oakley","7":"product_cat-forma","8":"product_cat-gafas-curvadas","9":"product_cat-gafas-de-sol","10":"product_cat-gafas-de-sol-hombre","11":"product_cat-gafas-de-sol-mujer","12":"product_cat-gafas-de-sol-unisex","13":"product_cat-gafas-hombre","14":"product_cat-gafas-mujer","15":"product_cat-gafas-rectangulares","16":"product_cat-gafas-unisex","17":"product_cat-menu","19":"first","20":"instock","21":"taxable","22":"shipping-taxable","23":"purchasable","24":"product-type-simple"},"_links":{"self":[{"href":"https:\/\/www.opticagracia.com\/fr\/wp-json\/wp\/v2\/product\/17737","targetHints":{"allow":["GET"]}}],"collection":[{"href":"https:\/\/www.opticagracia.com\/fr\/wp-json\/wp\/v2\/product"}],"about":[{"href":"https:\/\/www.opticagracia.com\/fr\/wp-json\/wp\/v2\/types\/product"}],"wp:featuredmedia":[{"embeddable":true,"href":"https:\/\/www.opticagracia.com\/fr\/wp-json\/wp\/v2\/media\/17738"}],"wp:attachment":[{"href":"https:\/\/www.opticagracia.com\/fr\/wp-json\/wp\/v2\/media?parent=17737"}],"wp:term":[{"taxonomy":"product_brand","embeddable":true,"href":"https:\/\/www.opticagracia.com\/fr\/wp-json\/wp\/v2\/product_brand?post=17737"},{"taxonomy":"product_cat","embeddable":true,"href":"https:\/\/www.opticagracia.com\/fr\/wp-json\/wp\/v2\/product_cat?post=17737"},{"taxonomy":"product_tag","embeddable":true,"href":"https:\/\/www.opticagracia.com\/fr\/wp-json\/wp\/v2\/product_tag?post=17737"}],"curies":[{"name":"wp","href":"https:\/\/api.w.org\/{rel}","templated":true}]}}