{"id":17851,"date":"2023-04-24T19:22:08","date_gmt":"2023-04-24T17:22:08","guid":{"rendered":"https:\/\/www.opticagracia.com\/?post_type=product&#038;p=17851"},"modified":"2025-02-13T18:18:26","modified_gmt":"2025-02-13T17:18:26","slug":"gafas-de-sol-michael-kors-2183-300613","status":"publish","type":"product","link":"https:\/\/www.opticagracia.com\/fr\/producto\/gafas-de-sol-michael-kors-2183-300613\/","title":{"rendered":"Lunettes de soleil Michael Kors 2183 300613"},"content":{"rendered":"<p>Une nouvelle version de l'incomparable ac\u00e9tate MK. Cette lunette de soleil surdimensionn\u00e9e associe un symbole audacieux \u00e0 une monture tr\u00e8s tendance.<\/p>\n<p>Lunettes de soleil Michael Kors, mod\u00e8le 2183 300613, forme rectangulaire oversize en marron et verres d\u00e9grad\u00e9s marron de la plus haute qualit\u00e9.<\/p>\n<ul>\n<li>Couleur avant de la famille : Marron<\/li>\n<li>Mat\u00e9riau du cadre : ac\u00e9tate<\/li>\n<li>Lentilles de propri\u00e9t\u00e9 : Standard<\/li>\n<li>Couleur des verres : Marron d\u00e9grad\u00e9<\/li>\n<\/ul>","protected":false},"excerpt":{"rendered":"<p>Lunettes de soleil Michael Kors, mod\u00e8le 2183 300613, forme rectangulaire oversize en marron et verres d\u00e9grad\u00e9s marron de la plus haute qualit\u00e9.<\/p>","protected":false},"featured_media":17852,"template":"","meta":[],"product_brand":[1066],"product_cat":[829,895,912,206,586,828],"product_tag":[],"class_list":{"0":"post-17851","1":"product","2":"type-product","3":"status-publish","4":"has-post-thumbnail","6":"product_brand-michael-kors","7":"product_cat-forma","8":"product_cat-gafas-de-sol","9":"product_cat-gafas-de-sol-mujer","10":"product_cat-gafas-mujer","11":"product_cat-gafas-rectangulares","12":"product_cat-menu","14":"first","15":"outofstock","16":"taxable","17":"shipping-taxable","18":"purchasable","19":"product-type-simple"},"_links":{"self":[{"href":"https:\/\/www.opticagracia.com\/fr\/wp-json\/wp\/v2\/product\/17851","targetHints":{"allow":["GET"]}}],"collection":[{"href":"https:\/\/www.opticagracia.com\/fr\/wp-json\/wp\/v2\/product"}],"about":[{"href":"https:\/\/www.opticagracia.com\/fr\/wp-json\/wp\/v2\/types\/product"}],"wp:featuredmedia":[{"embeddable":true,"href":"https:\/\/www.opticagracia.com\/fr\/wp-json\/wp\/v2\/media\/17852"}],"wp:attachment":[{"href":"https:\/\/www.opticagracia.com\/fr\/wp-json\/wp\/v2\/media?parent=17851"}],"wp:term":[{"taxonomy":"product_brand","embeddable":true,"href":"https:\/\/www.opticagracia.com\/fr\/wp-json\/wp\/v2\/product_brand?post=17851"},{"taxonomy":"product_cat","embeddable":true,"href":"https:\/\/www.opticagracia.com\/fr\/wp-json\/wp\/v2\/product_cat?post=17851"},{"taxonomy":"product_tag","embeddable":true,"href":"https:\/\/www.opticagracia.com\/fr\/wp-json\/wp\/v2\/product_tag?post=17851"}],"curies":[{"name":"wp","href":"https:\/\/api.w.org\/{rel}","templated":true}]}}