{"id":17883,"date":"2023-05-24T20:15:23","date_gmt":"2023-05-24T18:15:23","guid":{"rendered":"https:\/\/www.opticagracia.com\/?post_type=product&#038;p=17883"},"modified":"2025-02-12T20:38:17","modified_gmt":"2025-02-12T19:38:17","slug":"gafas-de-sol-gucci-1221-001","status":"publish","type":"product","link":"https:\/\/www.opticagracia.com\/fr\/producto\/gafas-de-sol-gucci-1221-001\/","title":{"rendered":"Lunettes de soleil Gucci 1221 001"},"content":{"rendered":"<p>Lunettes Gucci 1221 001 \u00e0 monture rectangulaire avec branches en ac\u00e9tate noir et verres gris fonc\u00e9.<\/p>\n<p>Cette ligne s'inspire d'une pi\u00e8ce vintage des archives Gucci r\u00e9interpr\u00e9t\u00e9e avec une attitude moderne et urbaine. Le logo int\u00e9gr\u00e9 est entour\u00e9 d'une s\u00e9rie de d\u00e9tails et fait partie int\u00e9grante du contour. Le mod\u00e8le rectangulaire \u00e0 monture ouverte pr\u00e9sente des branches sophistiqu\u00e9es orn\u00e9es du logo GG entrelac\u00e9 de d\u00e9tails dor\u00e9s et \u00e9maill\u00e9s rappelant le motif Web, ainsi que des branches recouvertes d'ac\u00e9tate.<\/p>\n<p>Gucci est une marque de luxe italienne fond\u00e9e \u00e0 Florence en 1921, qui se consacre \u00e0 la conception et \u00e0 la fabrication d'articles de mode, dont des collections de lunettes pour femmes et hommes, qui nous permettent d'entrer dans le monde du luxe \u00e0 des prix abordables. La collection Gucci se distingue par ses formes et ses couleurs audacieuses.<\/p>","protected":false},"excerpt":{"rendered":"<p>Lunettes Gucci 1221 001 noires \u00e0 monture rectangulaire avec branches en ac\u00e9tate noir et verres gris.<\/p>","protected":false},"featured_media":17884,"template":"","meta":[],"product_brand":[1050],"product_cat":[829,579,895,911,912,914,205,206,586,814,828],"product_tag":[],"class_list":{"0":"post-17883","1":"product","2":"type-product","3":"status-publish","4":"has-post-thumbnail","6":"product_brand-gucci","7":"product_cat-forma","8":"product_cat-gafas-cuadradas","9":"product_cat-gafas-de-sol","10":"product_cat-gafas-de-sol-hombre","11":"product_cat-gafas-de-sol-mujer","12":"product_cat-gafas-de-sol-unisex","13":"product_cat-gafas-hombre","14":"product_cat-gafas-mujer","15":"product_cat-gafas-rectangulares","16":"product_cat-gafas-unisex","17":"product_cat-menu","19":"first","20":"instock","21":"taxable","22":"shipping-taxable","23":"purchasable","24":"product-type-simple"},"_links":{"self":[{"href":"https:\/\/www.opticagracia.com\/fr\/wp-json\/wp\/v2\/product\/17883","targetHints":{"allow":["GET"]}}],"collection":[{"href":"https:\/\/www.opticagracia.com\/fr\/wp-json\/wp\/v2\/product"}],"about":[{"href":"https:\/\/www.opticagracia.com\/fr\/wp-json\/wp\/v2\/types\/product"}],"wp:featuredmedia":[{"embeddable":true,"href":"https:\/\/www.opticagracia.com\/fr\/wp-json\/wp\/v2\/media\/17884"}],"wp:attachment":[{"href":"https:\/\/www.opticagracia.com\/fr\/wp-json\/wp\/v2\/media?parent=17883"}],"wp:term":[{"taxonomy":"product_brand","embeddable":true,"href":"https:\/\/www.opticagracia.com\/fr\/wp-json\/wp\/v2\/product_brand?post=17883"},{"taxonomy":"product_cat","embeddable":true,"href":"https:\/\/www.opticagracia.com\/fr\/wp-json\/wp\/v2\/product_cat?post=17883"},{"taxonomy":"product_tag","embeddable":true,"href":"https:\/\/www.opticagracia.com\/fr\/wp-json\/wp\/v2\/product_tag?post=17883"}],"curies":[{"name":"wp","href":"https:\/\/api.w.org\/{rel}","templated":true}]}}