{"id":18154,"date":"2023-10-11T20:06:24","date_gmt":"2023-10-11T18:06:24","guid":{"rendered":"https:\/\/www.opticagracia.com\/?post_type=product&#038;p=18154"},"modified":"2025-02-12T20:37:10","modified_gmt":"2025-02-12T19:37:10","slug":"gafas-de-sol-michael-kors-0mk2165-corfu-30058g-negro","status":"publish","type":"product","link":"https:\/\/www.opticagracia.com\/fr\/producto\/gafas-de-sol-michael-kors-0mk2165-corfu-30058g-negro\/","title":{"rendered":"Michael Kors MK2165 Corfu 30058G Black Sunglasses"},"content":{"rendered":"<p>Une nouvelle version de l'incomparable ac\u00e9tate MK. Ce mod\u00e8le de lunettes de soleil associe un symbole audacieux \u00e0 une monture \u00e9troite et \u00e0 des branches larges tr\u00e8s tendance. Des lunettes innovantes pour les femmes.<\/p>\n<p>Michael Kors MK2165 Corfu 30058G Black Lunettes de soleil rectangulaires en noir avec des verres gris d\u00e9grad\u00e9s de haute qualit\u00e9.<\/p>\n<ul>\n<li>Couleur de la famille avant : NOIR<\/li>\n<li>Mat\u00e9riau du cadre : ac\u00e9tate<\/li>\n<li>Lentilles de propri\u00e9t\u00e9 : Standard<\/li>\n<li>Couleur des verres : Gris d\u00e9grad\u00e9<\/li>\n<\/ul>","protected":false},"excerpt":{"rendered":"<p>Michael Kors MK2165 Corfu 30058G Black Lunettes de soleil rectangulaires en noir avec de larges branches et des verres gris d\u00e9grad\u00e9s de haute qualit\u00e9.<\/p>","protected":false},"featured_media":18155,"template":"","meta":[],"product_brand":[1066],"product_cat":[829,579,895,912,206,586,828],"product_tag":[],"class_list":{"0":"post-18154","1":"product","2":"type-product","3":"status-publish","4":"has-post-thumbnail","6":"product_brand-michael-kors","7":"product_cat-forma","8":"product_cat-gafas-cuadradas","9":"product_cat-gafas-de-sol","10":"product_cat-gafas-de-sol-mujer","11":"product_cat-gafas-mujer","12":"product_cat-gafas-rectangulares","13":"product_cat-menu","15":"first","16":"instock","17":"taxable","18":"shipping-taxable","19":"purchasable","20":"product-type-simple"},"_links":{"self":[{"href":"https:\/\/www.opticagracia.com\/fr\/wp-json\/wp\/v2\/product\/18154","targetHints":{"allow":["GET"]}}],"collection":[{"href":"https:\/\/www.opticagracia.com\/fr\/wp-json\/wp\/v2\/product"}],"about":[{"href":"https:\/\/www.opticagracia.com\/fr\/wp-json\/wp\/v2\/types\/product"}],"wp:featuredmedia":[{"embeddable":true,"href":"https:\/\/www.opticagracia.com\/fr\/wp-json\/wp\/v2\/media\/18155"}],"wp:attachment":[{"href":"https:\/\/www.opticagracia.com\/fr\/wp-json\/wp\/v2\/media?parent=18154"}],"wp:term":[{"taxonomy":"product_brand","embeddable":true,"href":"https:\/\/www.opticagracia.com\/fr\/wp-json\/wp\/v2\/product_brand?post=18154"},{"taxonomy":"product_cat","embeddable":true,"href":"https:\/\/www.opticagracia.com\/fr\/wp-json\/wp\/v2\/product_cat?post=18154"},{"taxonomy":"product_tag","embeddable":true,"href":"https:\/\/www.opticagracia.com\/fr\/wp-json\/wp\/v2\/product_tag?post=18154"}],"curies":[{"name":"wp","href":"https:\/\/api.w.org\/{rel}","templated":true}]}}