{"id":18170,"date":"2023-10-13T12:25:54","date_gmt":"2023-10-13T10:25:54","guid":{"rendered":"https:\/\/www.opticagracia.com\/?post_type=product&#038;p=18170"},"modified":"2025-02-12T16:48:31","modified_gmt":"2025-02-12T15:48:31","slug":"gafas-de-sol-etnia-barcelona-baeza-be","status":"publish","type":"product","link":"https:\/\/www.opticagracia.com\/fr\/producto\/gafas-de-sol-etnia-barcelona-baeza-be\/","title":{"rendered":"ETNIA BARCELONA BAEZA BE Lunettes de soleil"},"content":{"rendered":"<p>Les lunettes Etnia Barcelona sont fabriqu\u00e9es avec des mat\u00e9riaux naturels de la plus haute qualit\u00e9, comme l'ac\u00e9tate Mazzucchelli, qui provient du coton et du bois, et qui garantit un confort maximal.<\/p>\n<p>Mazzuchelli est un mat\u00e9riau de tr\u00e8s haute qualit\u00e9, naturel et mall\u00e9able 100% qui provient de la fleur de coton soigneusement trait\u00e9e pour obtenir des montures tr\u00e8s confortables et agr\u00e9ables \u00e0 porter.<\/p>\n<p>Etnia Barcelona s\u00e9lectionne et d\u00e9veloppe soigneusement toutes les couleurs de ses collections, en se basant toujours sur les tendances de l'art et de la mode.<br \/>\nToutes les lentilles int\u00e8grent les meilleurs traitements pour offrir la meilleure exp\u00e9rience visuelle.<\/p>\n<ul>\n<li>Couleur de la famille avant : Beige avec or<\/li>\n<li>Mat\u00e9riau de l'oculaire : Min\u00e9ral avec antireflet sur la face interne<\/li>\n<li>Propri\u00e9t\u00e9 des lentilles : Lentilles marron d\u00e9grad\u00e9es<\/li>\n<\/ul>","protected":false},"excerpt":{"rendered":"<div class=\"woocommerce-product-details__short-description\">\n<div class=\"woocommerce-tabs wc-tabs-wrapper\">\n<div id=\"tab-description\" class=\"woocommerce-Tabs-panel woocommerce-Tabs-panel--description panel entry-content wc-tab\" role=\"tabpanel\" aria-labelledby=\"tab-title-description\">\n<p>Lunettes de soleil Etnia Barcelona BAEZA BE, or m\u00e9tallique combin\u00e9 \u00e0 de l'ac\u00e9tate beige dans une forme hexagonale tr\u00e8s tendance.<\/p>\n<\/div>\n<\/div>\n<\/div>","protected":false},"featured_media":18171,"template":"","meta":[],"product_brand":[1065],"product_cat":[829,579,895,912,581,206,828],"product_tag":[],"class_list":{"0":"post-18170","1":"product","2":"type-product","3":"status-publish","4":"has-post-thumbnail","6":"product_brand-etnia-barcelona","7":"product_cat-forma","8":"product_cat-gafas-cuadradas","9":"product_cat-gafas-de-sol","10":"product_cat-gafas-de-sol-mujer","11":"product_cat-gafas-hexagonales","12":"product_cat-gafas-mujer","13":"product_cat-menu","15":"first","16":"instock","17":"taxable","18":"shipping-taxable","19":"purchasable","20":"product-type-simple"},"_links":{"self":[{"href":"https:\/\/www.opticagracia.com\/fr\/wp-json\/wp\/v2\/product\/18170","targetHints":{"allow":["GET"]}}],"collection":[{"href":"https:\/\/www.opticagracia.com\/fr\/wp-json\/wp\/v2\/product"}],"about":[{"href":"https:\/\/www.opticagracia.com\/fr\/wp-json\/wp\/v2\/types\/product"}],"wp:featuredmedia":[{"embeddable":true,"href":"https:\/\/www.opticagracia.com\/fr\/wp-json\/wp\/v2\/media\/18171"}],"wp:attachment":[{"href":"https:\/\/www.opticagracia.com\/fr\/wp-json\/wp\/v2\/media?parent=18170"}],"wp:term":[{"taxonomy":"product_brand","embeddable":true,"href":"https:\/\/www.opticagracia.com\/fr\/wp-json\/wp\/v2\/product_brand?post=18170"},{"taxonomy":"product_cat","embeddable":true,"href":"https:\/\/www.opticagracia.com\/fr\/wp-json\/wp\/v2\/product_cat?post=18170"},{"taxonomy":"product_tag","embeddable":true,"href":"https:\/\/www.opticagracia.com\/fr\/wp-json\/wp\/v2\/product_tag?post=18170"}],"curies":[{"name":"wp","href":"https:\/\/api.w.org\/{rel}","templated":true}]}}