{"id":18195,"date":"2023-10-26T17:43:57","date_gmt":"2023-10-26T15:43:57","guid":{"rendered":"https:\/\/www.opticagracia.com\/?post_type=product&#038;p=18195"},"modified":"2025-02-12T15:35:17","modified_gmt":"2025-02-12T14:35:17","slug":"lentillas-de-colores-miel","status":"publish","type":"product","link":"https:\/\/www.opticagracia.com\/fr\/producto\/lentillas-de-colores-miel\/","title":{"rendered":"Lentilles de contact color\u00e9es - Miel"},"content":{"rendered":"<p><strong>Lentilles color\u00e9es Biolens<\/strong>sont des lentilles de contact souples moul\u00e9es \u00e0 remplacement mensuel, teint\u00e9es de couleurs naturelles gr\u00e2ce \u00e0 un proc\u00e9d\u00e9 de fabrication qui combine l'excellent confort et l'acuit\u00e9 visuelle de l'optique asph\u00e9rique sur la face interne avec la technologie sandwich pour l'application de la couleur.<\/p>\n<p>Sa technologie sandwich pr\u00e9sente le grand avantage que les pigments de couleur n'entrent pas en contact avec la surface de l'\u0153il ou de la paupi\u00e8re, ce qui garantit la biocompatibilit\u00e9 et le confort.<\/p>\n<p>Biolens Color offre un plus grand diam\u00e8tre de cercle de couleur, ce qui donne une sensation de grands yeux lumineux qui am\u00e9liore instantan\u00e9ment l'apparence de ses utilisateurs.<\/p>\n<p>Le Methafilcon A et l'hydratation 55% font de cette lentille l'une des lentilles cosm\u00e9tiques les plus confortables du march\u00e9.<\/p>\n<p style=\"text-align: center;\"><strong>COMMENT PORTER DES LENTILLES DE CONTACT ICI :<\/strong><br \/>\n<a href=\"https:\/\/www.opticagracia.com\/fr\/lentes-de-contacto-como-utilizarlas\/\" target=\"_blank\" rel=\"noopener\"><strong>www.opticagracia.com\/como-utilizar-lentes-contacto\/<\/strong><\/a><\/p>","protected":false},"excerpt":{"rendered":"<p>Biolens Lentilles de remplacement mensuelles souples de couleur miel, teint\u00e9es avec des couleurs \u00e0 effet naturel.<\/p>","protected":false},"featured_media":18196,"template":"","meta":[],"product_brand":[],"product_cat":[897],"product_tag":[],"class_list":{"0":"post-18195","1":"product","2":"type-product","3":"status-publish","4":"has-post-thumbnail","6":"product_cat-lentillas","8":"first","9":"instock","10":"taxable","11":"shipping-taxable","12":"purchasable","13":"product-type-simple"},"_links":{"self":[{"href":"https:\/\/www.opticagracia.com\/fr\/wp-json\/wp\/v2\/product\/18195","targetHints":{"allow":["GET"]}}],"collection":[{"href":"https:\/\/www.opticagracia.com\/fr\/wp-json\/wp\/v2\/product"}],"about":[{"href":"https:\/\/www.opticagracia.com\/fr\/wp-json\/wp\/v2\/types\/product"}],"wp:featuredmedia":[{"embeddable":true,"href":"https:\/\/www.opticagracia.com\/fr\/wp-json\/wp\/v2\/media\/18196"}],"wp:attachment":[{"href":"https:\/\/www.opticagracia.com\/fr\/wp-json\/wp\/v2\/media?parent=18195"}],"wp:term":[{"taxonomy":"product_brand","embeddable":true,"href":"https:\/\/www.opticagracia.com\/fr\/wp-json\/wp\/v2\/product_brand?post=18195"},{"taxonomy":"product_cat","embeddable":true,"href":"https:\/\/www.opticagracia.com\/fr\/wp-json\/wp\/v2\/product_cat?post=18195"},{"taxonomy":"product_tag","embeddable":true,"href":"https:\/\/www.opticagracia.com\/fr\/wp-json\/wp\/v2\/product_tag?post=18195"}],"curies":[{"name":"wp","href":"https:\/\/api.w.org\/{rel}","templated":true}]}}