{"id":18328,"date":"2024-01-20T17:47:59","date_gmt":"2024-01-20T16:47:59","guid":{"rendered":"https:\/\/www.opticagracia.com\/?post_type=product&#038;p=18328"},"modified":"2025-10-07T19:54:06","modified_gmt":"2025-10-07T17:54:06","slug":"gafas-de-sol-vogue-4254-515236","status":"publish","type":"product","link":"https:\/\/www.opticagracia.com\/fr\/producto\/gafas-de-sol-vogue-4254-515236\/","title":{"rendered":"Lunettes de soleil Vogue 4254 515236"},"content":{"rendered":"<p>Lunettes de soleil Vogue, mod\u00e8le 4254 515236, or rose m\u00e9tallis\u00e9 avec forme irr\u00e9guli\u00e8re et verres gris d\u00e9grad\u00e9s. Comprend une cha\u00eene pour suspendre les lunettes.<\/p>\n<p class=\"CustomText__Text-fqxl4z-0 dCcCqP\">Ce mod\u00e8le accrocheur qui allie un glamour \u00e9clectique vous fera remarquer par son profil audacieux.<\/p>","protected":false},"excerpt":{"rendered":"<p>Lunettes de soleil Vogue, mod\u00e8le 4254 515236, or rose m\u00e9tallis\u00e9 avec forme irr\u00e9guli\u00e8re et verres gris d\u00e9grad\u00e9s. Comprend une cha\u00eene pour suspendre les lunettes.<\/p>","protected":false},"featured_media":18329,"template":"","meta":[],"product_brand":[1070],"product_cat":[829,895,912,581,206,130,572,828],"product_tag":[],"class_list":{"0":"post-18328","1":"product","2":"type-product","3":"status-publish","4":"has-post-thumbnail","6":"product_brand-vogue","7":"product_cat-forma","8":"product_cat-gafas-de-sol","9":"product_cat-gafas-de-sol-mujer","10":"product_cat-gafas-hexagonales","11":"product_cat-gafas-mujer","12":"product_cat-gafas-ovaladas","13":"product_cat-gafas-redondas","14":"product_cat-menu","16":"first","17":"outofstock","18":"taxable","19":"shipping-taxable","20":"purchasable","21":"product-type-simple"},"_links":{"self":[{"href":"https:\/\/www.opticagracia.com\/fr\/wp-json\/wp\/v2\/product\/18328","targetHints":{"allow":["GET"]}}],"collection":[{"href":"https:\/\/www.opticagracia.com\/fr\/wp-json\/wp\/v2\/product"}],"about":[{"href":"https:\/\/www.opticagracia.com\/fr\/wp-json\/wp\/v2\/types\/product"}],"wp:featuredmedia":[{"embeddable":true,"href":"https:\/\/www.opticagracia.com\/fr\/wp-json\/wp\/v2\/media\/18329"}],"wp:attachment":[{"href":"https:\/\/www.opticagracia.com\/fr\/wp-json\/wp\/v2\/media?parent=18328"}],"wp:term":[{"taxonomy":"product_brand","embeddable":true,"href":"https:\/\/www.opticagracia.com\/fr\/wp-json\/wp\/v2\/product_brand?post=18328"},{"taxonomy":"product_cat","embeddable":true,"href":"https:\/\/www.opticagracia.com\/fr\/wp-json\/wp\/v2\/product_cat?post=18328"},{"taxonomy":"product_tag","embeddable":true,"href":"https:\/\/www.opticagracia.com\/fr\/wp-json\/wp\/v2\/product_tag?post=18328"}],"curies":[{"name":"wp","href":"https:\/\/api.w.org\/{rel}","templated":true}]}}