{"id":18486,"date":"2024-06-18T19:58:31","date_gmt":"2024-06-18T17:58:31","guid":{"rendered":"https:\/\/www.opticagracia.com\/?post_type=product&#038;p=18486"},"modified":"2025-02-15T17:47:41","modified_gmt":"2025-02-15T16:47:41","slug":"gafas-de-sol-mr-boho-bondi-path","status":"publish","type":"product","link":"https:\/\/www.opticagracia.com\/fr\/producto\/gafas-de-sol-mr-boho-bondi-path\/","title":{"rendered":"Lunettes de soleil Mr. Boho BONDI PATH"},"content":{"rendered":"<p>Boho BONDI PATH, lunettes carr\u00e9es de style chat avec de larges branches, avec beaucoup de personnalit\u00e9 qui nous emm\u00e8ne directement dans les ann\u00e9es 70, mais toujours de notre point de vue et en remplissant cette monture avec de nouvelles nuances.<\/p>\n<p>Dans ces mod\u00e8les de lunettes de soleil, l'\u00e9caille de tortue s'efface pour laisser place \u00e0 la couleur, pr\u00e9sente dans la partie sup\u00e9rieure de la face et sur les branches. Une ode \u00e0 la nature et \u00e0 son pouvoir d'inspiration ; une confrontation de lignes droites et organiques, de couleurs vives et sobres.<\/p>\n<p>Lunettes de soleil tendance en ac\u00e9tate naturel et aux couleurs super originales et amusantes. Jetez un coup d'\u0153il \u00e0 toute la collection de lunettes de soleil Mr. Boho et faites votre choix.<\/p>\n<p>Verres organiques 100% UV protection maximale.<\/p>\n<p>Avec \u00e9tui et essuie-lunettes inclus.<\/p>","protected":false},"excerpt":{"rendered":"<p>Mr. Boho BONDI PATH carr\u00e9, style queue de chat et avec de larges lani\u00e8res.<\/p>","protected":false},"featured_media":18487,"template":"","meta":[],"product_brand":[1067],"product_cat":[829,579,895,912,206,586,814,828],"product_tag":[],"class_list":{"0":"post-18486","1":"product","2":"type-product","3":"status-publish","4":"has-post-thumbnail","6":"product_brand-mr-boho","7":"product_cat-forma","8":"product_cat-gafas-cuadradas","9":"product_cat-gafas-de-sol","10":"product_cat-gafas-de-sol-mujer","11":"product_cat-gafas-mujer","12":"product_cat-gafas-rectangulares","13":"product_cat-gafas-unisex","14":"product_cat-menu","16":"first","17":"instock","18":"taxable","19":"shipping-taxable","20":"purchasable","21":"product-type-simple"},"_links":{"self":[{"href":"https:\/\/www.opticagracia.com\/fr\/wp-json\/wp\/v2\/product\/18486","targetHints":{"allow":["GET"]}}],"collection":[{"href":"https:\/\/www.opticagracia.com\/fr\/wp-json\/wp\/v2\/product"}],"about":[{"href":"https:\/\/www.opticagracia.com\/fr\/wp-json\/wp\/v2\/types\/product"}],"wp:featuredmedia":[{"embeddable":true,"href":"https:\/\/www.opticagracia.com\/fr\/wp-json\/wp\/v2\/media\/18487"}],"wp:attachment":[{"href":"https:\/\/www.opticagracia.com\/fr\/wp-json\/wp\/v2\/media?parent=18486"}],"wp:term":[{"taxonomy":"product_brand","embeddable":true,"href":"https:\/\/www.opticagracia.com\/fr\/wp-json\/wp\/v2\/product_brand?post=18486"},{"taxonomy":"product_cat","embeddable":true,"href":"https:\/\/www.opticagracia.com\/fr\/wp-json\/wp\/v2\/product_cat?post=18486"},{"taxonomy":"product_tag","embeddable":true,"href":"https:\/\/www.opticagracia.com\/fr\/wp-json\/wp\/v2\/product_tag?post=18486"}],"curies":[{"name":"wp","href":"https:\/\/api.w.org\/{rel}","templated":true}]}}