{"id":18508,"date":"2024-09-09T17:14:47","date_gmt":"2024-09-09T15:14:47","guid":{"rendered":"https:\/\/www.opticagracia.com\/?post_type=product&#038;p=18508"},"modified":"2026-04-18T19:43:48","modified_gmt":"2026-04-18T17:43:48","slug":"gafas-de-sol-etnia-barcelona-brenda-bkgd","status":"publish","type":"product","link":"https:\/\/www.opticagracia.com\/fr\/producto\/gafas-de-sol-etnia-barcelona-brenda-bkgd\/","title":{"rendered":"Lunettes de soleil Etnia Barcelona Brenda BKGD"},"content":{"rendered":"<p>Les lunettes Etnia Barcelona sont fabriqu\u00e9es avec des mat\u00e9riaux naturels de la plus haute qualit\u00e9, comme l'ac\u00e9tate Mazzucchelli, qui provient du coton et du bois, et qui garantit un confort maximal.<\/p>\n<p>Mazzuchelli est un mat\u00e9riau de tr\u00e8s haute qualit\u00e9, naturel et mall\u00e9able 100% qui provient de la fleur de coton soigneusement trait\u00e9e pour obtenir des montures tr\u00e8s confortables et agr\u00e9ables \u00e0 porter.<\/p>\n<p>Etnia Barcelona s\u00e9lectionne et d\u00e9veloppe avec soin toutes les couleurs de ses collections, en se basant toujours sur les tendances de l'art et de la mode. Tous les verres int\u00e8grent les meilleurs traitements pour offrir la meilleure exp\u00e9rience visuelle.<\/p>\n<ul>\n<li>Famille de couleurs : ovale dor\u00e9<\/li>\n<li>Mat\u00e9riau de l'oculaire : Min\u00e9ral avec antireflet sur la face interne<\/li>\n<li>Propri\u00e9t\u00e9 des lentilles : Lentilles grises d\u00e9grad\u00e9es<\/li>\n<\/ul>","protected":false},"excerpt":{"rendered":"<p>Lunettes de soleil Etnia Barcelona BRENDA BKGD, ovale m\u00e9tallique dor\u00e9 combin\u00e9 \u00e0 un ac\u00e9tate multicolore tr\u00e8s tendance.<\/p>","protected":false},"featured_media":18509,"template":"","meta":[],"product_brand":[1065],"product_cat":[829,895,912,206,130,572,828],"product_tag":[],"class_list":{"0":"post-18508","1":"product","2":"type-product","3":"status-publish","4":"has-post-thumbnail","6":"product_brand-etnia-barcelona","7":"product_cat-forma","8":"product_cat-gafas-de-sol","9":"product_cat-gafas-de-sol-mujer","10":"product_cat-gafas-mujer","11":"product_cat-gafas-ovaladas","12":"product_cat-gafas-redondas","13":"product_cat-menu","15":"first","16":"instock","17":"taxable","18":"shipping-taxable","19":"purchasable","20":"product-type-simple"},"_links":{"self":[{"href":"https:\/\/www.opticagracia.com\/fr\/wp-json\/wp\/v2\/product\/18508","targetHints":{"allow":["GET"]}}],"collection":[{"href":"https:\/\/www.opticagracia.com\/fr\/wp-json\/wp\/v2\/product"}],"about":[{"href":"https:\/\/www.opticagracia.com\/fr\/wp-json\/wp\/v2\/types\/product"}],"wp:featuredmedia":[{"embeddable":true,"href":"https:\/\/www.opticagracia.com\/fr\/wp-json\/wp\/v2\/media\/18509"}],"wp:attachment":[{"href":"https:\/\/www.opticagracia.com\/fr\/wp-json\/wp\/v2\/media?parent=18508"}],"wp:term":[{"taxonomy":"product_brand","embeddable":true,"href":"https:\/\/www.opticagracia.com\/fr\/wp-json\/wp\/v2\/product_brand?post=18508"},{"taxonomy":"product_cat","embeddable":true,"href":"https:\/\/www.opticagracia.com\/fr\/wp-json\/wp\/v2\/product_cat?post=18508"},{"taxonomy":"product_tag","embeddable":true,"href":"https:\/\/www.opticagracia.com\/fr\/wp-json\/wp\/v2\/product_tag?post=18508"}],"curies":[{"name":"wp","href":"https:\/\/api.w.org\/{rel}","templated":true}]}}