{"id":18617,"date":"2024-10-18T11:20:24","date_gmt":"2024-10-18T09:20:24","guid":{"rendered":"https:\/\/www.opticagracia.com\/?post_type=product&#038;p=18617"},"modified":"2025-10-03T20:44:25","modified_gmt":"2025-10-03T18:44:25","slug":"gafas-de-sol-miu-miu-54ys-zvn20f","status":"publish","type":"product","link":"https:\/\/www.opticagracia.com\/fr\/producto\/gafas-de-sol-miu-miu-54ys-zvn20f\/","title":{"rendered":"LUNETTES DE SOLEIL MIU MIU 54YS ZVN20F"},"content":{"rendered":"<p>Miu Miu n'h\u00e9site jamais \u00e0 sortir des sentiers battus, comme le prouve ce mod\u00e8le enveloppant sans monture. Le devant unique et les logos accrocheurs sur les lentilles en font un accessoire indispensable cette saison.<\/p>\n<p>Lunettes enveloppantes sans monture avec un logo audacieux sur les verres et des branches et un pont en m\u00e9tal assortis.<\/p>\n<p>Les extr\u00e9mit\u00e9s des branches en ac\u00e9tate sont assorties aux couleurs des lentilles, offrant un style enrichi et un confort accru.<\/p>","protected":false},"excerpt":{"rendered":"<p>Lunettes de soleil sans monture Miu Miu 54YS ZVN20F \u00e0 \u00e9cran incurv\u00e9 avec le logo Miu Miu sur les branches et des verres roses miroit\u00e9s.<\/p>","protected":false},"featured_media":18618,"template":"","meta":[],"product_brand":[1058],"product_cat":[829,895,912,206,582,828],"product_tag":[],"class_list":{"0":"post-18617","1":"product","2":"type-product","3":"status-publish","4":"has-post-thumbnail","6":"product_brand-miu-miu","7":"product_cat-forma","8":"product_cat-gafas-de-sol","9":"product_cat-gafas-de-sol-mujer","10":"product_cat-gafas-mujer","11":"product_cat-gafas-de-pantalla","12":"product_cat-menu","14":"first","15":"instock","16":"taxable","17":"shipping-taxable","18":"purchasable","19":"product-type-simple"},"_links":{"self":[{"href":"https:\/\/www.opticagracia.com\/fr\/wp-json\/wp\/v2\/product\/18617","targetHints":{"allow":["GET"]}}],"collection":[{"href":"https:\/\/www.opticagracia.com\/fr\/wp-json\/wp\/v2\/product"}],"about":[{"href":"https:\/\/www.opticagracia.com\/fr\/wp-json\/wp\/v2\/types\/product"}],"wp:featuredmedia":[{"embeddable":true,"href":"https:\/\/www.opticagracia.com\/fr\/wp-json\/wp\/v2\/media\/18618"}],"wp:attachment":[{"href":"https:\/\/www.opticagracia.com\/fr\/wp-json\/wp\/v2\/media?parent=18617"}],"wp:term":[{"taxonomy":"product_brand","embeddable":true,"href":"https:\/\/www.opticagracia.com\/fr\/wp-json\/wp\/v2\/product_brand?post=18617"},{"taxonomy":"product_cat","embeddable":true,"href":"https:\/\/www.opticagracia.com\/fr\/wp-json\/wp\/v2\/product_cat?post=18617"},{"taxonomy":"product_tag","embeddable":true,"href":"https:\/\/www.opticagracia.com\/fr\/wp-json\/wp\/v2\/product_tag?post=18617"}],"curies":[{"name":"wp","href":"https:\/\/api.w.org\/{rel}","templated":true}]}}