{"id":18625,"date":"2024-10-18T17:23:58","date_gmt":"2024-10-18T15:23:58","guid":{"rendered":"https:\/\/www.opticagracia.com\/?post_type=product&#038;p=18625"},"modified":"2026-01-14T17:29:22","modified_gmt":"2026-01-14T16:29:22","slug":"gafas-de-sol-miu-miu-52ys-5ak06s","status":"publish","type":"product","link":"https:\/\/www.opticagracia.com\/fr\/producto\/gafas-de-sol-miu-miu-52ys-5ak06s\/","title":{"rendered":"Lunettes de soleil Miu Miu 52YS 5AK06S"},"content":{"rendered":"<p data-start=\"145\" data-end=\"230\">Chez Miu Miu, l'inattendu est toujours tendance. Et ce mod\u00e8le de lunettes de soleil ne fait pas exception.<\/p>\n<p data-start=\"232\" data-end=\"534\">Les lunettes de soleil Miu Miu 52YS r\u00e9inventent la forme ovale classique avec une proposition originale et novatrice : les bords m\u00e9talliques se s\u00e9parent subtilement des verres, cr\u00e9ant un effet visuel unique avant de rejoindre les branches, o\u00f9 le logo Miu Miu vertical devient le protagoniste.<\/p>\n<p data-start=\"536\" data-end=\"778\">La monture en m\u00e9tal dor\u00e9 combin\u00e9e \u00e0 des embouts de branches en ac\u00e9tate offre un \u00e9quilibre entre l\u00e9g\u00e8ret\u00e9, \u00e9l\u00e9gance et caract\u00e8re. Un design con\u00e7u pour les femmes qui recherchent un style avec de l'attitude, sans sacrifier le confort ou la personnalit\u00e9.<\/p>","protected":false},"excerpt":{"rendered":"<p>Vous recherchez des lunettes de soleil Miu Miu alliant design et \u00e9l\u00e9gance durable ?<\/p>\n<p>Les lunettes de soleil Miu Miu 52YS 5AK06S ont tout pour plaire : une silhouette ovale intemporelle, des verres violets d\u00e9grad\u00e9s et une monture m\u00e9tallique dor\u00e9e avec un n\u0153ud distinctif sur les branches.<br data-start=\"1823\" data-end=\"1826\" \/>Ces lunettes apportent une sophistication subtile \u00e0 toute tenue et sont con\u00e7ues pour ceux qui appr\u00e9cient \u00e0 la fois le design et la qualit\u00e9.<\/p>\n<p>Venez \u00e0 \u00d2ptica Gr\u00e0cia \u00e0 Platja d'Aro ou achetez en ligne avec une livraison rapide et s\u00e9curis\u00e9e. Obtenez-les et portez le style Miu Miu authentique !<\/p>","protected":false},"featured_media":18626,"template":"","meta":[],"product_brand":[1058],"product_cat":[829,895,912,206,130,572,828],"product_tag":[],"class_list":{"0":"post-18625","1":"product","2":"type-product","3":"status-publish","4":"has-post-thumbnail","6":"product_brand-miu-miu","7":"product_cat-forma","8":"product_cat-gafas-de-sol","9":"product_cat-gafas-de-sol-mujer","10":"product_cat-gafas-mujer","11":"product_cat-gafas-ovaladas","12":"product_cat-gafas-redondas","13":"product_cat-menu","15":"first","16":"outofstock","17":"taxable","18":"shipping-taxable","19":"purchasable","20":"product-type-simple"},"_links":{"self":[{"href":"https:\/\/www.opticagracia.com\/fr\/wp-json\/wp\/v2\/product\/18625","targetHints":{"allow":["GET"]}}],"collection":[{"href":"https:\/\/www.opticagracia.com\/fr\/wp-json\/wp\/v2\/product"}],"about":[{"href":"https:\/\/www.opticagracia.com\/fr\/wp-json\/wp\/v2\/types\/product"}],"wp:featuredmedia":[{"embeddable":true,"href":"https:\/\/www.opticagracia.com\/fr\/wp-json\/wp\/v2\/media\/18626"}],"wp:attachment":[{"href":"https:\/\/www.opticagracia.com\/fr\/wp-json\/wp\/v2\/media?parent=18625"}],"wp:term":[{"taxonomy":"product_brand","embeddable":true,"href":"https:\/\/www.opticagracia.com\/fr\/wp-json\/wp\/v2\/product_brand?post=18625"},{"taxonomy":"product_cat","embeddable":true,"href":"https:\/\/www.opticagracia.com\/fr\/wp-json\/wp\/v2\/product_cat?post=18625"},{"taxonomy":"product_tag","embeddable":true,"href":"https:\/\/www.opticagracia.com\/fr\/wp-json\/wp\/v2\/product_tag?post=18625"}],"curies":[{"name":"wp","href":"https:\/\/api.w.org\/{rel}","templated":true}]}}