{"id":18633,"date":"2024-10-18T18:08:10","date_gmt":"2024-10-18T16:08:10","guid":{"rendered":"https:\/\/www.opticagracia.com\/?post_type=product&#038;p=18633"},"modified":"2025-11-26T19:49:47","modified_gmt":"2025-11-26T18:49:47","slug":"gafas-de-sol-miu-miu-52ys-zvf1v1","status":"publish","type":"product","link":"https:\/\/www.opticagracia.com\/fr\/producto\/gafas-de-sol-miu-miu-52ys-zvf1v1\/","title":{"rendered":"Lunettes de soleil Miu Miu 52YS 5AK04M"},"content":{"rendered":"<p data-start=\"221\" data-end=\"319\">Vous recherchez des lunettes de soleil diff\u00e9rentes, audacieuses et avec ce cachet inattendu qui d\u00e9finit Miu Miu ?<\/p>\n<p data-start=\"321\" data-end=\"826\">Ce nouveau mod\u00e8le pr\u00e9sente une forme ovale m\u00e9tallique r\u00e9invent\u00e9e, o\u00f9 les bords se d\u00e9tachent des verres avant de rejoindre la charni\u00e8re verticale avec le logo Miu Miu, cr\u00e9ant un effet visuel unique et avant-gardiste. Les branches en m\u00e9tal sont recouvertes d'ac\u00e9tate pour plus de confort et une finition sophistiqu\u00e9e. Fid\u00e8le \u00e0 l'esprit audacieux de la marque, la collection comprend des combinaisons audacieuses, comme l'option avec des verres et des embouts de branches orange, con\u00e7ue pour les femmes qui n'ont pas peur de se d\u00e9marquer.<\/p>\n<p data-start=\"828\" data-end=\"946\">D\u00e9couvrez ce design chez \u00d2ptica Gr\u00e0cia Platja d'Aro et ajoutez une touche artistique pleine de personnalit\u00e9 \u00e0 votre style.<\/p>","protected":false},"excerpt":{"rendered":"<p>Miu Miu surprend avec un design ovale m\u00e9tallique dans lequel les bords se s\u00e9parent des lentilles avant de rejoindre la charni\u00e8re verticale du logo. Les branches en m\u00e9tal avec des extr\u00e9mit\u00e9s en ac\u00e9tate et des options de couleur audacieuses refl\u00e8tent le caract\u00e8re audacieux de la marque.<\/p>","protected":false},"featured_media":20402,"template":"","meta":[],"product_brand":[1058],"product_cat":[829,895,912,206,130,572,828],"product_tag":[],"class_list":{"0":"post-18633","1":"product","2":"type-product","3":"status-publish","4":"has-post-thumbnail","6":"product_brand-miu-miu","7":"product_cat-forma","8":"product_cat-gafas-de-sol","9":"product_cat-gafas-de-sol-mujer","10":"product_cat-gafas-mujer","11":"product_cat-gafas-ovaladas","12":"product_cat-gafas-redondas","13":"product_cat-menu","15":"first","16":"instock","17":"taxable","18":"shipping-taxable","19":"purchasable","20":"product-type-simple"},"_links":{"self":[{"href":"https:\/\/www.opticagracia.com\/fr\/wp-json\/wp\/v2\/product\/18633","targetHints":{"allow":["GET"]}}],"collection":[{"href":"https:\/\/www.opticagracia.com\/fr\/wp-json\/wp\/v2\/product"}],"about":[{"href":"https:\/\/www.opticagracia.com\/fr\/wp-json\/wp\/v2\/types\/product"}],"wp:featuredmedia":[{"embeddable":true,"href":"https:\/\/www.opticagracia.com\/fr\/wp-json\/wp\/v2\/media\/20402"}],"wp:attachment":[{"href":"https:\/\/www.opticagracia.com\/fr\/wp-json\/wp\/v2\/media?parent=18633"}],"wp:term":[{"taxonomy":"product_brand","embeddable":true,"href":"https:\/\/www.opticagracia.com\/fr\/wp-json\/wp\/v2\/product_brand?post=18633"},{"taxonomy":"product_cat","embeddable":true,"href":"https:\/\/www.opticagracia.com\/fr\/wp-json\/wp\/v2\/product_cat?post=18633"},{"taxonomy":"product_tag","embeddable":true,"href":"https:\/\/www.opticagracia.com\/fr\/wp-json\/wp\/v2\/product_tag?post=18633"}],"curies":[{"name":"wp","href":"https:\/\/api.w.org\/{rel}","templated":true}]}}