{"id":18637,"date":"2024-10-18T18:22:54","date_gmt":"2024-10-18T16:22:54","guid":{"rendered":"https:\/\/www.opticagracia.com\/?post_type=product&#038;p=18637"},"modified":"2025-05-29T18:46:42","modified_gmt":"2025-05-29T16:46:42","slug":"gafas-de-sol-miu-miu-52ys-zvn20f","status":"publish","type":"product","link":"https:\/\/www.opticagracia.com\/fr\/producto\/gafas-de-sol-miu-miu-52ys-zvn20f\/","title":{"rendered":"Lunettes de soleil Miu Miu 52YS ZVN20F"},"content":{"rendered":"<p>Vous n'avez jamais attendu de Miu Miu ce que vous attendiez d'elle, et la marque pr\u00e9sente ici une nouvelle forme.<\/p>\n<p>Les anneaux m\u00e9talliques interrompent ce mod\u00e8le ovale, se d\u00e9tachant des verres avant de rejoindre la charni\u00e8re verticale du logo Miu Miu.<\/p>\n<p>Forme ovale en m\u00e9tal dont les bords se d\u00e9tachent des verres avant d'atteindre les branches en m\u00e9tal aux extr\u00e9mit\u00e9s en ac\u00e9tate.<\/p>\n<p>&nbsp;<\/p>\n<p>&nbsp;<\/p>\n<p>&nbsp;<\/p>\n<p>&nbsp;<\/p>\n<p>&nbsp;<\/p>\n<p>&nbsp;<\/p>\n<p>&nbsp;<\/p>\n<p>&nbsp;<\/p>","protected":false},"excerpt":{"rendered":"<p>Lunettes de soleil Miu Miu 52YS ZVN20F, de forme ovale m\u00e9tallis\u00e9e avec logo de la marque sur les branches et verres or rose.<\/p>","protected":false},"featured_media":18638,"template":"","meta":[],"product_brand":[1058],"product_cat":[829,895,912,206,130,572,828],"product_tag":[],"class_list":{"0":"post-18637","1":"product","2":"type-product","3":"status-publish","4":"has-post-thumbnail","6":"product_brand-miu-miu","7":"product_cat-forma","8":"product_cat-gafas-de-sol","9":"product_cat-gafas-de-sol-mujer","10":"product_cat-gafas-mujer","11":"product_cat-gafas-ovaladas","12":"product_cat-gafas-redondas","13":"product_cat-menu","15":"first","16":"instock","17":"taxable","18":"shipping-taxable","19":"purchasable","20":"product-type-simple"},"_links":{"self":[{"href":"https:\/\/www.opticagracia.com\/fr\/wp-json\/wp\/v2\/product\/18637","targetHints":{"allow":["GET"]}}],"collection":[{"href":"https:\/\/www.opticagracia.com\/fr\/wp-json\/wp\/v2\/product"}],"about":[{"href":"https:\/\/www.opticagracia.com\/fr\/wp-json\/wp\/v2\/types\/product"}],"wp:featuredmedia":[{"embeddable":true,"href":"https:\/\/www.opticagracia.com\/fr\/wp-json\/wp\/v2\/media\/18638"}],"wp:attachment":[{"href":"https:\/\/www.opticagracia.com\/fr\/wp-json\/wp\/v2\/media?parent=18637"}],"wp:term":[{"taxonomy":"product_brand","embeddable":true,"href":"https:\/\/www.opticagracia.com\/fr\/wp-json\/wp\/v2\/product_brand?post=18637"},{"taxonomy":"product_cat","embeddable":true,"href":"https:\/\/www.opticagracia.com\/fr\/wp-json\/wp\/v2\/product_cat?post=18637"},{"taxonomy":"product_tag","embeddable":true,"href":"https:\/\/www.opticagracia.com\/fr\/wp-json\/wp\/v2\/product_tag?post=18637"}],"curies":[{"name":"wp","href":"https:\/\/api.w.org\/{rel}","templated":true}]}}