{"id":18898,"date":"2024-12-06T17:18:51","date_gmt":"2024-12-06T16:18:51","guid":{"rendered":"https:\/\/www.opticagracia.com\/?post_type=product&#038;p=18898"},"modified":"2025-02-13T18:10:42","modified_gmt":"2025-02-13T17:10:42","slug":"gafas-de-sol-tom-ford-1030-52f","status":"publish","type":"product","link":"https:\/\/www.opticagracia.com\/fr\/producto\/gafas-de-sol-tom-ford-1030-52f\/","title":{"rendered":"Lunettes de soleil Tom Ford 1030 52F"},"content":{"rendered":"<p>Tom Ford est l'un des stylistes les plus c\u00e9l\u00e8bres et les plus appr\u00e9ci\u00e9s d'aujourd'hui.<br \/>\nSon design innovant et provocateur a marqu\u00e9 une r\u00e9volution dans le monde du luxe gr\u00e2ce \u00e0 ses intuitions visionnaires sur les besoins des clients modernes.<\/p>\n<p>Lunettes de soleil Tom Ford 1030 52F en ac\u00e9tate havane avec une forme rectangulaire classique et des verres d\u00e9grad\u00e9s marron.<\/p>","protected":false},"excerpt":{"rendered":"<p>Lunettes de soleil Tom Ford 1030 52F en ac\u00e9tate havane avec une forme rectangulaire classique et des verres d\u00e9grad\u00e9s marron.<\/p>","protected":false},"featured_media":18899,"template":"","meta":[],"product_brand":[1061],"product_cat":[829,579,895,912,206,586,828],"product_tag":[],"class_list":{"0":"post-18898","1":"product","2":"type-product","3":"status-publish","4":"has-post-thumbnail","6":"product_brand-tom-ford","7":"product_cat-forma","8":"product_cat-gafas-cuadradas","9":"product_cat-gafas-de-sol","10":"product_cat-gafas-de-sol-mujer","11":"product_cat-gafas-mujer","12":"product_cat-gafas-rectangulares","13":"product_cat-menu","15":"first","16":"instock","17":"taxable","18":"shipping-taxable","19":"purchasable","20":"product-type-simple"},"_links":{"self":[{"href":"https:\/\/www.opticagracia.com\/fr\/wp-json\/wp\/v2\/product\/18898","targetHints":{"allow":["GET"]}}],"collection":[{"href":"https:\/\/www.opticagracia.com\/fr\/wp-json\/wp\/v2\/product"}],"about":[{"href":"https:\/\/www.opticagracia.com\/fr\/wp-json\/wp\/v2\/types\/product"}],"wp:featuredmedia":[{"embeddable":true,"href":"https:\/\/www.opticagracia.com\/fr\/wp-json\/wp\/v2\/media\/18899"}],"wp:attachment":[{"href":"https:\/\/www.opticagracia.com\/fr\/wp-json\/wp\/v2\/media?parent=18898"}],"wp:term":[{"taxonomy":"product_brand","embeddable":true,"href":"https:\/\/www.opticagracia.com\/fr\/wp-json\/wp\/v2\/product_brand?post=18898"},{"taxonomy":"product_cat","embeddable":true,"href":"https:\/\/www.opticagracia.com\/fr\/wp-json\/wp\/v2\/product_cat?post=18898"},{"taxonomy":"product_tag","embeddable":true,"href":"https:\/\/www.opticagracia.com\/fr\/wp-json\/wp\/v2\/product_tag?post=18898"}],"curies":[{"name":"wp","href":"https:\/\/api.w.org\/{rel}","templated":true}]}}