{"id":18940,"date":"2024-12-09T10:46:33","date_gmt":"2024-12-09T09:46:33","guid":{"rendered":"https:\/\/www.opticagracia.com\/?post_type=product&#038;p=18940"},"modified":"2025-08-30T12:06:07","modified_gmt":"2025-08-30T10:06:07","slug":"gafas-de-sol-arnette-4202-275887","status":"publish","type":"product","link":"https:\/\/www.opticagracia.com\/fr\/producto\/gafas-de-sol-arnette-4202-275887\/","title":{"rendered":"Lunettes de soleil Arnette 4202 275887"},"content":{"rendered":"<p>Toujours proche du monde des sports urbains, de la musique et des contre-cultures de jeunes, chaque paire a \u00e9t\u00e9 m\u00e9ticuleusement con\u00e7ue avec des mat\u00e9riaux de la plus haute qualit\u00e9 pour pr\u00e9senter un design l\u00e9ger et durable.<\/p>\n<p>Lunettes de soleil Arnette 4202 275887 en plastique noir mat incurv\u00e9 avec de fines branches rouges mates et des verres gris fonc\u00e9.<\/p>","protected":false},"excerpt":{"rendered":"<p>Lunettes de soleil Arnette 4202 275887 en plastique noir mat incurv\u00e9 avec de fines branches rouges mates et des verres gris fonc\u00e9.<\/p>","protected":false},"featured_media":18941,"template":"","meta":[],"product_brand":[1062],"product_cat":[829,592,895,911,912,914,205,206,208,814,828],"product_tag":[],"class_list":{"0":"post-18940","1":"product","2":"type-product","3":"status-publish","4":"has-post-thumbnail","6":"product_brand-arnette","7":"product_cat-forma","8":"product_cat-gafas-curvadas","9":"product_cat-gafas-de-sol","10":"product_cat-gafas-de-sol-hombre","11":"product_cat-gafas-de-sol-mujer","12":"product_cat-gafas-de-sol-unisex","13":"product_cat-gafas-hombre","14":"product_cat-gafas-mujer","15":"product_cat-gafas-polarizadas","16":"product_cat-gafas-unisex","17":"product_cat-menu","19":"first","20":"instock","21":"taxable","22":"shipping-taxable","23":"purchasable","24":"product-type-simple"},"_links":{"self":[{"href":"https:\/\/www.opticagracia.com\/fr\/wp-json\/wp\/v2\/product\/18940","targetHints":{"allow":["GET"]}}],"collection":[{"href":"https:\/\/www.opticagracia.com\/fr\/wp-json\/wp\/v2\/product"}],"about":[{"href":"https:\/\/www.opticagracia.com\/fr\/wp-json\/wp\/v2\/types\/product"}],"wp:featuredmedia":[{"embeddable":true,"href":"https:\/\/www.opticagracia.com\/fr\/wp-json\/wp\/v2\/media\/18941"}],"wp:attachment":[{"href":"https:\/\/www.opticagracia.com\/fr\/wp-json\/wp\/v2\/media?parent=18940"}],"wp:term":[{"taxonomy":"product_brand","embeddable":true,"href":"https:\/\/www.opticagracia.com\/fr\/wp-json\/wp\/v2\/product_brand?post=18940"},{"taxonomy":"product_cat","embeddable":true,"href":"https:\/\/www.opticagracia.com\/fr\/wp-json\/wp\/v2\/product_cat?post=18940"},{"taxonomy":"product_tag","embeddable":true,"href":"https:\/\/www.opticagracia.com\/fr\/wp-json\/wp\/v2\/product_tag?post=18940"}],"curies":[{"name":"wp","href":"https:\/\/api.w.org\/{rel}","templated":true}]}}