{"id":19059,"date":"2024-12-12T17:14:20","date_gmt":"2024-12-12T16:14:20","guid":{"rendered":"https:\/\/www.opticagracia.com\/?post_type=product&#038;p=19059"},"modified":"2026-04-18T19:17:30","modified_gmt":"2026-04-18T17:17:30","slug":"gafas-de-sol-gucci-1422-001","status":"publish","type":"product","link":"https:\/\/www.opticagracia.com\/fr\/producto\/gafas-de-sol-gucci-1422-001\/","title":{"rendered":"Lunettes de soleil Gucci 1422 001"},"content":{"rendered":"<p>Gucci est une marque de luxe italienne fond\u00e9e \u00e0 Florence en 1921, qui se consacre \u00e0 la conception et \u00e0 la fabrication d'articles de mode, notamment de collections de lunettes pour femmes et pour hommes, qui nous permettent d'entrer dans le monde du luxe \u00e0 des prix abordables.<\/p>\n<p>La collection Gucci se distingue par ses formes et ses couleurs audacieuses.<\/p>\n<p>Lunettes de soleil Gucci 1422 001 en ac\u00e9tate \u00e9pais noir avec forme d'\u0153il carr\u00e9\/chat, logo dor\u00e9 emboss\u00e9 sur les maxi branches et verres gris fonc\u00e9.<\/p>","protected":false},"excerpt":{"rendered":"<p>Lunettes de soleil Gucci 1422 001 en ac\u00e9tate \u00e9pais noir avec forme d'\u0153il carr\u00e9\/chat, logo dor\u00e9 emboss\u00e9 sur les maxi branches et verres gris fonc\u00e9.<\/p>","protected":false},"featured_media":19060,"template":"","meta":[],"product_brand":[1050],"product_cat":[895],"product_tag":[],"class_list":{"0":"post-19059","1":"product","2":"type-product","3":"status-publish","4":"has-post-thumbnail","6":"product_brand-gucci","7":"product_cat-gafas-de-sol","8":"pa_color-negro","9":"pa_forma-cuadrada","10":"pa_forma-ojo-de-gato","11":"pa_genero-mujer","12":"pa_material-acetato","14":"first","15":"instock","16":"taxable","17":"shipping-taxable","18":"purchasable","19":"product-type-simple"},"_links":{"self":[{"href":"https:\/\/www.opticagracia.com\/fr\/wp-json\/wp\/v2\/product\/19059","targetHints":{"allow":["GET"]}}],"collection":[{"href":"https:\/\/www.opticagracia.com\/fr\/wp-json\/wp\/v2\/product"}],"about":[{"href":"https:\/\/www.opticagracia.com\/fr\/wp-json\/wp\/v2\/types\/product"}],"wp:featuredmedia":[{"embeddable":true,"href":"https:\/\/www.opticagracia.com\/fr\/wp-json\/wp\/v2\/media\/19060"}],"wp:attachment":[{"href":"https:\/\/www.opticagracia.com\/fr\/wp-json\/wp\/v2\/media?parent=19059"}],"wp:term":[{"taxonomy":"product_brand","embeddable":true,"href":"https:\/\/www.opticagracia.com\/fr\/wp-json\/wp\/v2\/product_brand?post=19059"},{"taxonomy":"product_cat","embeddable":true,"href":"https:\/\/www.opticagracia.com\/fr\/wp-json\/wp\/v2\/product_cat?post=19059"},{"taxonomy":"product_tag","embeddable":true,"href":"https:\/\/www.opticagracia.com\/fr\/wp-json\/wp\/v2\/product_tag?post=19059"}],"curies":[{"name":"wp","href":"https:\/\/api.w.org\/{rel}","templated":true}]}}