{"id":19066,"date":"2024-12-12T17:37:56","date_gmt":"2024-12-12T16:37:56","guid":{"rendered":"https:\/\/www.opticagracia.com\/?post_type=product&#038;p=19066"},"modified":"2026-04-19T08:55:27","modified_gmt":"2026-04-19T06:55:27","slug":"gafas-de-sol-gucci-1593-001","status":"publish","type":"product","link":"https:\/\/www.opticagracia.com\/fr\/producto\/gafas-de-sol-gucci-1593-001\/","title":{"rendered":"Lunettes de soleil Gucci 1593 001"},"content":{"rendered":"<p>Gucci est une marque de luxe italienne fond\u00e9e \u00e0 Florence en 1921, qui se consacre \u00e0 la conception et \u00e0 la fabrication d'articles de mode, notamment de collections de lunettes pour femmes et pour hommes, qui nous permettent d'entrer dans le monde du luxe \u00e0 des prix abordables.<\/p>\n<p>La collection Gucci se distingue par ses formes et ses couleurs audacieuses.<\/p>\n<p>Lunettes de soleil hexagonales Gucci 1593 001 avec fa\u00e7ade en m\u00e9tal dor\u00e9 et branches en ac\u00e9tate noir avec le logo de la marque sur le c\u00f4t\u00e9 des deux branches en gaufrage dor\u00e9 et verres gris fonc\u00e9.<\/p>","protected":false},"excerpt":{"rendered":"<p>Lunettes de soleil hexagonales Gucci 1593 001 avec fa\u00e7ade en m\u00e9tal dor\u00e9 et branches en ac\u00e9tate noir avec le logo de la marque sur le c\u00f4t\u00e9 des deux branches en gaufrage dor\u00e9 et verres gris fonc\u00e9.<\/p>","protected":false},"featured_media":19067,"template":"","meta":[],"product_brand":[1050],"product_cat":[895],"product_tag":[],"class_list":{"0":"post-19066","1":"product","2":"type-product","3":"status-publish","4":"has-post-thumbnail","6":"product_brand-gucci","7":"product_cat-gafas-de-sol","8":"pa_color-dorado","9":"pa_color-negro","10":"pa_forma-hexagonal","11":"pa_genero-mujer","12":"pa_material-combinado","14":"first","15":"instock","16":"taxable","17":"shipping-taxable","18":"purchasable","19":"product-type-simple"},"_links":{"self":[{"href":"https:\/\/www.opticagracia.com\/fr\/wp-json\/wp\/v2\/product\/19066","targetHints":{"allow":["GET"]}}],"collection":[{"href":"https:\/\/www.opticagracia.com\/fr\/wp-json\/wp\/v2\/product"}],"about":[{"href":"https:\/\/www.opticagracia.com\/fr\/wp-json\/wp\/v2\/types\/product"}],"wp:featuredmedia":[{"embeddable":true,"href":"https:\/\/www.opticagracia.com\/fr\/wp-json\/wp\/v2\/media\/19067"}],"wp:attachment":[{"href":"https:\/\/www.opticagracia.com\/fr\/wp-json\/wp\/v2\/media?parent=19066"}],"wp:term":[{"taxonomy":"product_brand","embeddable":true,"href":"https:\/\/www.opticagracia.com\/fr\/wp-json\/wp\/v2\/product_brand?post=19066"},{"taxonomy":"product_cat","embeddable":true,"href":"https:\/\/www.opticagracia.com\/fr\/wp-json\/wp\/v2\/product_cat?post=19066"},{"taxonomy":"product_tag","embeddable":true,"href":"https:\/\/www.opticagracia.com\/fr\/wp-json\/wp\/v2\/product_tag?post=19066"}],"curies":[{"name":"wp","href":"https:\/\/api.w.org\/{rel}","templated":true}]}}