{"id":19080,"date":"2024-12-12T19:32:31","date_gmt":"2024-12-12T18:32:31","guid":{"rendered":"https:\/\/www.opticagracia.com\/?post_type=product&#038;p=19080"},"modified":"2025-02-12T18:47:01","modified_gmt":"2025-02-12T17:47:01","slug":"gafas-de-sol-gucci-1692-001-54-18","status":"publish","type":"product","link":"https:\/\/www.opticagracia.com\/fr\/producto\/gafas-de-sol-gucci-1692-001-54-18\/","title":{"rendered":"Lunettes de soleil Gucci 1692 001 54 18"},"content":{"rendered":"<p>Gucci est une marque de luxe italienne fond\u00e9e \u00e0 Florence en 1921, qui se consacre \u00e0 la conception et \u00e0 la fabrication d'articles de mode, notamment de collections de lunettes pour femmes et pour hommes, qui nous permettent d'entrer dans le monde du luxe \u00e0 des prix abordables.<\/p>\n<p>La collection Gucci se distingue par ses formes et ses couleurs audacieuses.<\/p>\n<p>Lunettes de soleil Gucci 1692 001 54 18 en ac\u00e9tate noir carr\u00e9 avec logo emboss\u00e9 sur les branches et verres gris.<\/p>","protected":false},"excerpt":{"rendered":"<p>Lunettes de soleil Gucci 1692 001 54 18 en ac\u00e9tate noir carr\u00e9 avec logo emboss\u00e9 sur les branches et verres gris.<\/p>","protected":false},"featured_media":19081,"template":"","meta":[],"product_brand":[1050],"product_cat":[829,579,895,912,206,828],"product_tag":[],"class_list":{"0":"post-19080","1":"product","2":"type-product","3":"status-publish","4":"has-post-thumbnail","6":"product_brand-gucci","7":"product_cat-forma","8":"product_cat-gafas-cuadradas","9":"product_cat-gafas-de-sol","10":"product_cat-gafas-de-sol-mujer","11":"product_cat-gafas-mujer","12":"product_cat-menu","14":"first","15":"instock","16":"taxable","17":"shipping-taxable","18":"purchasable","19":"product-type-simple"},"_links":{"self":[{"href":"https:\/\/www.opticagracia.com\/fr\/wp-json\/wp\/v2\/product\/19080","targetHints":{"allow":["GET"]}}],"collection":[{"href":"https:\/\/www.opticagracia.com\/fr\/wp-json\/wp\/v2\/product"}],"about":[{"href":"https:\/\/www.opticagracia.com\/fr\/wp-json\/wp\/v2\/types\/product"}],"wp:featuredmedia":[{"embeddable":true,"href":"https:\/\/www.opticagracia.com\/fr\/wp-json\/wp\/v2\/media\/19081"}],"wp:attachment":[{"href":"https:\/\/www.opticagracia.com\/fr\/wp-json\/wp\/v2\/media?parent=19080"}],"wp:term":[{"taxonomy":"product_brand","embeddable":true,"href":"https:\/\/www.opticagracia.com\/fr\/wp-json\/wp\/v2\/product_brand?post=19080"},{"taxonomy":"product_cat","embeddable":true,"href":"https:\/\/www.opticagracia.com\/fr\/wp-json\/wp\/v2\/product_cat?post=19080"},{"taxonomy":"product_tag","embeddable":true,"href":"https:\/\/www.opticagracia.com\/fr\/wp-json\/wp\/v2\/product_tag?post=19080"}],"curies":[{"name":"wp","href":"https:\/\/api.w.org\/{rel}","templated":true}]}}