{"id":19143,"date":"2024-12-16T16:30:26","date_gmt":"2024-12-16T15:30:26","guid":{"rendered":"https:\/\/www.opticagracia.com\/?post_type=product&#038;p=19143"},"modified":"2026-04-25T18:31:39","modified_gmt":"2026-04-25T16:31:39","slug":"gafas-de-sol-versace-2270-141213-63-15","status":"publish","type":"product","link":"https:\/\/www.opticagracia.com\/fr\/producto\/gafas-de-sol-versace-2270-141213-63-15\/","title":{"rendered":"Lunettes de soleil Versace 2270 141213 63 15"},"content":{"rendered":"<p>Version surdimensionn\u00e9e et anguleuse de la silhouette f\u00e9minine du papillon : cette monture de lunettes de soleil offre un look tendance et branch\u00e9. Avec ses profils m\u00e9talliques \u00e9troits et ses branches tubulaires \u00e9l\u00e9gantes au design infini Greca, c'est un produit de base pour les amateurs de luxe.<\/p>\n<p>Versace 2270 141213 63 15 lunettes en m\u00e9tal or rose, forme papillon surdimensionn\u00e9e avec branches textur\u00e9es et verres marron d\u00e9grad\u00e9s.<\/p>","protected":false},"excerpt":{"rendered":"<p>Versace 2270 141213 63 15 lunettes en m\u00e9tal or rose, forme papillon surdimensionn\u00e9e avec branches textur\u00e9es et verres marron d\u00e9grad\u00e9s.<\/p>","protected":false},"featured_media":19144,"template":"","meta":[],"product_brand":[1053],"product_cat":[895],"product_tag":[],"class_list":{"0":"post-19143","1":"product","2":"type-product","3":"status-publish","4":"has-post-thumbnail","6":"product_brand-versace","7":"product_cat-gafas-de-sol","8":"pa_color-dorado","9":"pa_forma-mariposa","10":"pa_genero-mujer","11":"pa_material-metal","13":"first","14":"instock","15":"taxable","16":"shipping-taxable","17":"purchasable","18":"product-type-simple"},"_links":{"self":[{"href":"https:\/\/www.opticagracia.com\/fr\/wp-json\/wp\/v2\/product\/19143","targetHints":{"allow":["GET"]}}],"collection":[{"href":"https:\/\/www.opticagracia.com\/fr\/wp-json\/wp\/v2\/product"}],"about":[{"href":"https:\/\/www.opticagracia.com\/fr\/wp-json\/wp\/v2\/types\/product"}],"wp:featuredmedia":[{"embeddable":true,"href":"https:\/\/www.opticagracia.com\/fr\/wp-json\/wp\/v2\/media\/19144"}],"wp:attachment":[{"href":"https:\/\/www.opticagracia.com\/fr\/wp-json\/wp\/v2\/media?parent=19143"}],"wp:term":[{"taxonomy":"product_brand","embeddable":true,"href":"https:\/\/www.opticagracia.com\/fr\/wp-json\/wp\/v2\/product_brand?post=19143"},{"taxonomy":"product_cat","embeddable":true,"href":"https:\/\/www.opticagracia.com\/fr\/wp-json\/wp\/v2\/product_cat?post=19143"},{"taxonomy":"product_tag","embeddable":true,"href":"https:\/\/www.opticagracia.com\/fr\/wp-json\/wp\/v2\/product_tag?post=19143"}],"curies":[{"name":"wp","href":"https:\/\/api.w.org\/{rel}","templated":true}]}}