{"id":19147,"date":"2024-12-16T16:56:40","date_gmt":"2024-12-16T15:56:40","guid":{"rendered":"https:\/\/www.opticagracia.com\/?post_type=product&#038;p=19147"},"modified":"2026-04-25T18:17:56","modified_gmt":"2026-04-25T16:17:56","slug":"gafas-de-sol-versace-2252-100287-63-12","status":"publish","type":"product","link":"https:\/\/www.opticagracia.com\/fr\/producto\/gafas-de-sol-versace-2252-100287-63-12\/","title":{"rendered":"Lunettes de soleil Versace 2252 100287 63 12"},"content":{"rendered":"<p>La masculinit\u00e9 s\u00e9duisante rencontre l'expression inimitable de la marque Versace. Embrassez le pouvoir hypnotique de la M\u00e9duse avec cette monture pilote dynamique. Osez regarder ailleurs.<\/p>\n<p>Versace 2252 100287 63 12 lunettes en m\u00e9tal dor\u00e9, forme aviateur surdimensionn\u00e9e avec branches en m\u00e9tal combin\u00e9es \u00e0 de l'ac\u00e9tate et des verres gris.<\/p>","protected":false},"excerpt":{"rendered":"<p>Versace 2252 100287 63 12 lunettes en m\u00e9tal dor\u00e9, forme aviateur surdimensionn\u00e9e avec branches en m\u00e9tal combin\u00e9es \u00e0 de l'ac\u00e9tate et des verres gris.<\/p>","protected":false},"featured_media":19148,"template":"","meta":[],"product_brand":[1053],"product_cat":[895],"product_tag":[],"class_list":{"0":"post-19147","1":"product","2":"type-product","3":"status-publish","4":"has-post-thumbnail","6":"product_brand-versace","7":"product_cat-gafas-de-sol","8":"pa_color-dorado","9":"pa_color-negro","10":"pa_forma-aviador","11":"pa_genero-hombre","12":"pa_material-acetato","13":"pa_material-combinado","14":"pa_material-metal","16":"first","17":"instock","18":"taxable","19":"shipping-taxable","20":"purchasable","21":"product-type-simple"},"_links":{"self":[{"href":"https:\/\/www.opticagracia.com\/fr\/wp-json\/wp\/v2\/product\/19147","targetHints":{"allow":["GET"]}}],"collection":[{"href":"https:\/\/www.opticagracia.com\/fr\/wp-json\/wp\/v2\/product"}],"about":[{"href":"https:\/\/www.opticagracia.com\/fr\/wp-json\/wp\/v2\/types\/product"}],"wp:featuredmedia":[{"embeddable":true,"href":"https:\/\/www.opticagracia.com\/fr\/wp-json\/wp\/v2\/media\/19148"}],"wp:attachment":[{"href":"https:\/\/www.opticagracia.com\/fr\/wp-json\/wp\/v2\/media?parent=19147"}],"wp:term":[{"taxonomy":"product_brand","embeddable":true,"href":"https:\/\/www.opticagracia.com\/fr\/wp-json\/wp\/v2\/product_brand?post=19147"},{"taxonomy":"product_cat","embeddable":true,"href":"https:\/\/www.opticagracia.com\/fr\/wp-json\/wp\/v2\/product_cat?post=19147"},{"taxonomy":"product_tag","embeddable":true,"href":"https:\/\/www.opticagracia.com\/fr\/wp-json\/wp\/v2\/product_tag?post=19147"}],"curies":[{"name":"wp","href":"https:\/\/api.w.org\/{rel}","templated":true}]}}