{"id":19896,"date":"2025-03-24T17:58:36","date_gmt":"2025-03-24T16:58:36","guid":{"rendered":"https:\/\/www.opticagracia.com\/?post_type=product&#038;p=19896"},"modified":"2026-04-25T11:18:17","modified_gmt":"2026-04-25T09:18:17","slug":"gafas-de-sol-furla-781-0d80-5418","status":"publish","type":"product","link":"https:\/\/www.opticagracia.com\/fr\/producto\/gafas-de-sol-furla-781-0d80-5418\/","title":{"rendered":"Lunettes de soleil Furla 781 0D80 5418"},"content":{"rendered":"<p>La prestigieuse marque de mode italienne Furla, connue pour sa magnifique collection d'accessoires et notamment ses sacs \u00e0 main \u00e0 succ\u00e8s, nous surprend avec une belle collection de montures de lunettes de soleil et de lunettes de vue.<\/p>\n<p>Lunettes de soleil Furla 781 0D80 en plastique vert bouteille en forme de chat avec le logo de la marque en or et turquoise sur les deux branches et les terminaux avec des verres vert fonc\u00e9.<\/p>","protected":false},"excerpt":{"rendered":"<p>Lunettes de soleil Furla 781 0D80 en plastique vert bouteille en forme de chat avec le logo de la marque en or et turquoise sur les deux branches et les terminaux avec des verres vert fonc\u00e9.<\/p>","protected":false},"featured_media":19897,"template":"","meta":[],"product_brand":[1051],"product_cat":[895],"product_tag":[],"class_list":{"0":"post-19896","1":"product","2":"type-product","3":"status-publish","4":"has-post-thumbnail","6":"product_brand-furla","7":"product_cat-gafas-de-sol","8":"pa_color-verde","9":"pa_forma-ojo-de-gato","10":"pa_genero-mujer","11":"pa_material-acetato","13":"first","14":"instock","15":"taxable","16":"shipping-taxable","17":"purchasable","18":"product-type-simple"},"_links":{"self":[{"href":"https:\/\/www.opticagracia.com\/fr\/wp-json\/wp\/v2\/product\/19896","targetHints":{"allow":["GET"]}}],"collection":[{"href":"https:\/\/www.opticagracia.com\/fr\/wp-json\/wp\/v2\/product"}],"about":[{"href":"https:\/\/www.opticagracia.com\/fr\/wp-json\/wp\/v2\/types\/product"}],"wp:featuredmedia":[{"embeddable":true,"href":"https:\/\/www.opticagracia.com\/fr\/wp-json\/wp\/v2\/media\/19897"}],"wp:attachment":[{"href":"https:\/\/www.opticagracia.com\/fr\/wp-json\/wp\/v2\/media?parent=19896"}],"wp:term":[{"taxonomy":"product_brand","embeddable":true,"href":"https:\/\/www.opticagracia.com\/fr\/wp-json\/wp\/v2\/product_brand?post=19896"},{"taxonomy":"product_cat","embeddable":true,"href":"https:\/\/www.opticagracia.com\/fr\/wp-json\/wp\/v2\/product_cat?post=19896"},{"taxonomy":"product_tag","embeddable":true,"href":"https:\/\/www.opticagracia.com\/fr\/wp-json\/wp\/v2\/product_tag?post=19896"}],"curies":[{"name":"wp","href":"https:\/\/api.w.org\/{rel}","templated":true}]}}