{"id":19953,"date":"2025-04-04T17:31:03","date_gmt":"2025-04-04T15:31:03","guid":{"rendered":"https:\/\/www.opticagracia.com\/?post_type=product&#038;p=19953"},"modified":"2026-04-20T10:32:18","modified_gmt":"2026-04-20T08:32:18","slug":"gafas-de-vista-etnia-barcelona-chroma-n04-fubx-53","status":"publish","type":"product","link":"https:\/\/www.opticagracia.com\/fr\/producto\/gafas-de-vista-etnia-barcelona-chroma-n04-fubx-53\/","title":{"rendered":"Gafas de vista Etnia Barcelona CHROMA N04 FUBX 53"},"content":{"rendered":"<p>CHROMA est plus qu'une collection : c'est une invitation \u00e0 explorer et \u00e0 vivre la couleur d'une mani\u00e8re totalement nouvelle.<\/p>\n<p>La collection se distingue par son jeu de contrastes : des formes g\u00e9om\u00e9triques risqu\u00e9es, des volumes puissants et des couleurs extr\u00eames qui rehaussent l'ADN d'Etnia Barcelona.<\/p>\n<p>Nos montures sont fabriqu\u00e9es en ac\u00e9tate Mazzucchelli de la plus haute qualit\u00e9. Ce mat\u00e9riau est d\u00e9riv\u00e9 de l'ac\u00e9tate de cellulose, dont les mati\u00e8res premi\u00e8res sont le coton et le bois. En outre, ce mat\u00e9riau offre une r\u00e9sistance et une mall\u00e9abilit\u00e9 sup\u00e9rieures, pour un confort et une durabilit\u00e9 maximums.<\/p>\n<p>Gafas Etnia Barcelona CHROMA N04 FUBX 53 de estilo redondo y geom\u00e9trico con combinaci\u00f3n de colores azul\/verde y grandes vol\u00famenes en las varillas.<\/p>\n<p>&nbsp;<\/p>","protected":false},"excerpt":{"rendered":"<p>Etnia Barcelona CHROMA N03 GRDB 52 20 lunettes rondes de style g\u00e9om\u00e9trique dans une combinaison de couleurs bleu\/vert avec de grands volumes sur les branches.<\/p>","protected":false},"featured_media":19951,"template":"","meta":[],"product_brand":[1065],"product_cat":[848],"product_tag":[],"class_list":{"0":"post-19953","1":"product","2":"type-product","3":"status-publish","4":"has-post-thumbnail","6":"product_brand-etnia-barcelona","7":"product_cat-gafas-graduadas","8":"pa_color-azul","9":"pa_color-verde","10":"pa_forma-redonda","11":"pa_genero-mujer","12":"pa_material-acetato","14":"first","15":"instock","16":"taxable","17":"shipping-taxable","18":"purchasable","19":"product-type-simple"},"_links":{"self":[{"href":"https:\/\/www.opticagracia.com\/fr\/wp-json\/wp\/v2\/product\/19953","targetHints":{"allow":["GET"]}}],"collection":[{"href":"https:\/\/www.opticagracia.com\/fr\/wp-json\/wp\/v2\/product"}],"about":[{"href":"https:\/\/www.opticagracia.com\/fr\/wp-json\/wp\/v2\/types\/product"}],"wp:featuredmedia":[{"embeddable":true,"href":"https:\/\/www.opticagracia.com\/fr\/wp-json\/wp\/v2\/media\/19951"}],"wp:attachment":[{"href":"https:\/\/www.opticagracia.com\/fr\/wp-json\/wp\/v2\/media?parent=19953"}],"wp:term":[{"taxonomy":"product_brand","embeddable":true,"href":"https:\/\/www.opticagracia.com\/fr\/wp-json\/wp\/v2\/product_brand?post=19953"},{"taxonomy":"product_cat","embeddable":true,"href":"https:\/\/www.opticagracia.com\/fr\/wp-json\/wp\/v2\/product_cat?post=19953"},{"taxonomy":"product_tag","embeddable":true,"href":"https:\/\/www.opticagracia.com\/fr\/wp-json\/wp\/v2\/product_tag?post=19953"}],"curies":[{"name":"wp","href":"https:\/\/api.w.org\/{rel}","templated":true}]}}