{"id":19957,"date":"2025-04-05T10:42:20","date_gmt":"2025-04-05T08:42:20","guid":{"rendered":"https:\/\/www.opticagracia.com\/?post_type=product&#038;p=19957"},"modified":"2025-08-03T12:07:20","modified_gmt":"2025-08-03T10:07:20","slug":"gafas-de-sol-etnia-barcelona-eixample-bebr-52-22","status":"publish","type":"product","link":"https:\/\/www.opticagracia.com\/fr\/producto\/gafas-de-sol-etnia-barcelona-eixample-bebr-52-22\/","title":{"rendered":"ETNIA BARCELONA EIXAMPLE BEBR 52 22 Lunettes de soleil"},"content":{"rendered":"<p>Les lunettes Etnia Barcelona sont fabriqu\u00e9es avec des mat\u00e9riaux naturels de la plus haute qualit\u00e9, comme l'ac\u00e9tate Mazzucchelli, qui provient du coton et du bois, et qui garantit un confort maximal.<\/p>\n<p>Mazzuchelli est un mat\u00e9riau de tr\u00e8s haute qualit\u00e9, naturel et mall\u00e9able 100% qui provient de la fleur de coton soigneusement trait\u00e9e pour obtenir des montures tr\u00e8s confortables et agr\u00e9ables \u00e0 porter.<\/p>\n<p>Etnia Barcelona s\u00e9lectionne et d\u00e9veloppe soigneusement toutes les couleurs de ses collections, en se basant toujours sur les tendances de l'art et de la mode.<\/p>\n<p>Lunettes de soleil Etnia Barcelona Eixample BEBR 52 22, style rond avec une combinaison de couleurs cr\u00e8me, havane et transparentes avec un look r\u00e9tro et des verres min\u00e9raux photochromiques d\u00e9grad\u00e9s bruns de premi\u00e8re qualit\u00e9.<\/p>\n<p>&nbsp;<\/p>","protected":false},"excerpt":{"rendered":"<p>Lunettes de soleil Etnia Barcelona Eixample BEBR 52 22, style rond avec une combinaison de couleurs cr\u00e8me, havane et transparentes avec un look r\u00e9tro et des verres min\u00e9raux photochromiques d\u00e9grad\u00e9s bruns de premi\u00e8re qualit\u00e9.<\/p>","protected":false},"featured_media":19958,"template":"","meta":[],"product_brand":[1065],"product_cat":[829,895,912,580,575,206,130,572,828],"product_tag":[],"class_list":{"0":"post-19957","1":"product","2":"type-product","3":"status-publish","4":"has-post-thumbnail","6":"product_brand-etnia-barcelona","7":"product_cat-forma","8":"product_cat-gafas-de-sol","9":"product_cat-gafas-de-sol-mujer","10":"product_cat-gafas-forma-mariposa","11":"product_cat-gafas-ojo-de-gato","12":"product_cat-gafas-mujer","13":"product_cat-gafas-ovaladas","14":"product_cat-gafas-redondas","15":"product_cat-menu","17":"first","18":"outofstock","19":"taxable","20":"shipping-taxable","21":"purchasable","22":"product-type-simple"},"_links":{"self":[{"href":"https:\/\/www.opticagracia.com\/fr\/wp-json\/wp\/v2\/product\/19957","targetHints":{"allow":["GET"]}}],"collection":[{"href":"https:\/\/www.opticagracia.com\/fr\/wp-json\/wp\/v2\/product"}],"about":[{"href":"https:\/\/www.opticagracia.com\/fr\/wp-json\/wp\/v2\/types\/product"}],"wp:featuredmedia":[{"embeddable":true,"href":"https:\/\/www.opticagracia.com\/fr\/wp-json\/wp\/v2\/media\/19958"}],"wp:attachment":[{"href":"https:\/\/www.opticagracia.com\/fr\/wp-json\/wp\/v2\/media?parent=19957"}],"wp:term":[{"taxonomy":"product_brand","embeddable":true,"href":"https:\/\/www.opticagracia.com\/fr\/wp-json\/wp\/v2\/product_brand?post=19957"},{"taxonomy":"product_cat","embeddable":true,"href":"https:\/\/www.opticagracia.com\/fr\/wp-json\/wp\/v2\/product_cat?post=19957"},{"taxonomy":"product_tag","embeddable":true,"href":"https:\/\/www.opticagracia.com\/fr\/wp-json\/wp\/v2\/product_tag?post=19957"}],"curies":[{"name":"wp","href":"https:\/\/api.w.org\/{rel}","templated":true}]}}