{"id":19987,"date":"2025-04-05T19:17:18","date_gmt":"2025-04-05T17:17:18","guid":{"rendered":"https:\/\/www.opticagracia.com\/?post_type=product&#038;p=19987"},"modified":"2026-04-20T09:46:32","modified_gmt":"2026-04-20T07:46:32","slug":"gafas-de-sol-prada-19zs-2au6s1-55-17","status":"publish","type":"product","link":"https:\/\/www.opticagracia.com\/fr\/producto\/gafas-de-sol-prada-19zs-2au6s1-55-17\/","title":{"rendered":"Lunettes de soleil Prada 19ZS 2AU6S1 55 17"},"content":{"rendered":"<p>Les lunettes de soleil Prada capturent l'essence de l'\u00e9l\u00e9gance moderne et de la sophistication vintage. Vous pourrez choisir les lunettes de soleil qui conviennent \u00e0 votre style gr\u00e2ce \u00e0 la grande vari\u00e9t\u00e9 de styles et de couleurs propos\u00e9e par la marque de mode. Montrez au monde votre style unique avec les lunettes de soleil Prada.<\/p>\n<p>Lunettes de soleil Prada 19ZS 2AU6S1 55 17 en ac\u00e9tate g\u00e9om\u00e9trique de couleur havane avec de fines branches de la m\u00eame couleur avec le logo de la marque de couleur dor\u00e9e et des verres marron d\u00e9grad\u00e9s.<\/p>","protected":false},"excerpt":{"rendered":"<p>Lunettes de soleil Prada 19ZS 2AU6S1 55 17 en ac\u00e9tate g\u00e9om\u00e9trique de couleur havane avec de fines branches de la m\u00eame couleur avec le logo de la marque de couleur dor\u00e9e et des verres marron d\u00e9grad\u00e9s.<\/p>","protected":false},"featured_media":19988,"template":"","meta":[],"product_brand":[1060],"product_cat":[895],"product_tag":[],"class_list":{"0":"post-19987","1":"product","2":"type-product","3":"status-publish","4":"has-post-thumbnail","6":"product_brand-prada","7":"product_cat-gafas-de-sol","8":"pa_color-marron","9":"pa_forma-geometrica","10":"pa_genero-mujer","11":"pa_material-acetato","13":"first","14":"outofstock","15":"taxable","16":"shipping-taxable","17":"purchasable","18":"product-type-simple"},"_links":{"self":[{"href":"https:\/\/www.opticagracia.com\/fr\/wp-json\/wp\/v2\/product\/19987","targetHints":{"allow":["GET"]}}],"collection":[{"href":"https:\/\/www.opticagracia.com\/fr\/wp-json\/wp\/v2\/product"}],"about":[{"href":"https:\/\/www.opticagracia.com\/fr\/wp-json\/wp\/v2\/types\/product"}],"wp:featuredmedia":[{"embeddable":true,"href":"https:\/\/www.opticagracia.com\/fr\/wp-json\/wp\/v2\/media\/19988"}],"wp:attachment":[{"href":"https:\/\/www.opticagracia.com\/fr\/wp-json\/wp\/v2\/media?parent=19987"}],"wp:term":[{"taxonomy":"product_brand","embeddable":true,"href":"https:\/\/www.opticagracia.com\/fr\/wp-json\/wp\/v2\/product_brand?post=19987"},{"taxonomy":"product_cat","embeddable":true,"href":"https:\/\/www.opticagracia.com\/fr\/wp-json\/wp\/v2\/product_cat?post=19987"},{"taxonomy":"product_tag","embeddable":true,"href":"https:\/\/www.opticagracia.com\/fr\/wp-json\/wp\/v2\/product_tag?post=19987"}],"curies":[{"name":"wp","href":"https:\/\/api.w.org\/{rel}","templated":true}]}}