{"id":19991,"date":"2025-04-05T19:22:27","date_gmt":"2025-04-05T17:22:27","guid":{"rendered":"https:\/\/www.opticagracia.com\/?post_type=product&#038;p=19991"},"modified":"2026-04-18T19:04:53","modified_gmt":"2026-04-18T17:04:53","slug":"gafas-de-sol-prada-19zs-1ab5s0-55-17","status":"publish","type":"product","link":"https:\/\/www.opticagracia.com\/fr\/producto\/gafas-de-sol-prada-19zs-1ab5s0-55-17\/","title":{"rendered":"Lunettes de soleil Prada 19ZS 1AB5S0 55 17"},"content":{"rendered":"<p>Les lunettes de soleil Prada capturent l'essence de l'\u00e9l\u00e9gance moderne et de la sophistication vintage. Vous pourrez choisir les lunettes de soleil qui conviennent \u00e0 votre style gr\u00e2ce \u00e0 la grande vari\u00e9t\u00e9 de styles et de couleurs propos\u00e9e par la marque de mode. Montrez au monde votre style unique avec les lunettes de soleil Prada.<\/p>\n<p>Lunettes de soleil Prada 19ZS 1AB5S0 55 17 en ac\u00e9tate g\u00e9om\u00e9trique noir avec fines branches noires avec logo argent\u00e9 et verres gris fonc\u00e9.<\/p>","protected":false},"excerpt":{"rendered":"<p>Lunettes de soleil Prada 19ZS 1AB5S0 55 17 en ac\u00e9tate g\u00e9om\u00e9trique noir avec fines branches noires avec logo argent\u00e9 et verres gris fonc\u00e9.<\/p>","protected":false},"featured_media":19992,"template":"","meta":[],"product_brand":[1060],"product_cat":[895],"product_tag":[],"class_list":{"0":"post-19991","1":"product","2":"type-product","3":"status-publish","4":"has-post-thumbnail","6":"product_brand-prada","7":"product_cat-gafas-de-sol","8":"pa_color-negro","9":"pa_forma-geometrica","10":"pa_genero-mujer","11":"pa_material-acetato","13":"first","14":"instock","15":"taxable","16":"shipping-taxable","17":"purchasable","18":"product-type-simple"},"_links":{"self":[{"href":"https:\/\/www.opticagracia.com\/fr\/wp-json\/wp\/v2\/product\/19991","targetHints":{"allow":["GET"]}}],"collection":[{"href":"https:\/\/www.opticagracia.com\/fr\/wp-json\/wp\/v2\/product"}],"about":[{"href":"https:\/\/www.opticagracia.com\/fr\/wp-json\/wp\/v2\/types\/product"}],"wp:featuredmedia":[{"embeddable":true,"href":"https:\/\/www.opticagracia.com\/fr\/wp-json\/wp\/v2\/media\/19992"}],"wp:attachment":[{"href":"https:\/\/www.opticagracia.com\/fr\/wp-json\/wp\/v2\/media?parent=19991"}],"wp:term":[{"taxonomy":"product_brand","embeddable":true,"href":"https:\/\/www.opticagracia.com\/fr\/wp-json\/wp\/v2\/product_brand?post=19991"},{"taxonomy":"product_cat","embeddable":true,"href":"https:\/\/www.opticagracia.com\/fr\/wp-json\/wp\/v2\/product_cat?post=19991"},{"taxonomy":"product_tag","embeddable":true,"href":"https:\/\/www.opticagracia.com\/fr\/wp-json\/wp\/v2\/product_tag?post=19991"}],"curies":[{"name":"wp","href":"https:\/\/api.w.org\/{rel}","templated":true}]}}