{"id":20027,"date":"2025-04-11T11:56:57","date_gmt":"2025-04-11T09:56:57","guid":{"rendered":"https:\/\/www.opticagracia.com\/?post_type=product&#038;p=20027"},"modified":"2026-04-18T18:48:49","modified_gmt":"2026-04-18T16:48:49","slug":"gafas-de-sol-ray-ban-3565-001-51-53-20","status":"publish","type":"product","link":"https:\/\/www.opticagracia.com\/fr\/producto\/gafas-de-sol-ray-ban-3565-001-51-53-20\/","title":{"rendered":"Lunettes de soleil Ray Ban 3565 001\/51 53 20"},"content":{"rendered":"<p>Ce mod\u00e8le a \u00e9t\u00e9 port\u00e9 par des musiciens l\u00e9gendaires et s'inspire de la contre-culture des ann\u00e9es 1960, d\u00e9cennie qui l'a vu na\u00eetre. Ces superbes montures restent un choix chic. Elles font \u00e9voluer le profil l\u00e9gendaire d'un classique r\u00e9tro avec une personnalit\u00e9 unique.<\/p>\n<p>Lunettes de soleil Rayban 3565 001\/51 53 20, nom Jack, or m\u00e9tallis\u00e9 en forme g\u00e9om\u00e9trique en haut et arrondie en bas avec des verres d\u00e9grad\u00e9s marron.<\/p>","protected":false},"excerpt":{"rendered":"<p>Lunettes de soleil Rayban 3565 001\/51 53 20, nom Jack, or m\u00e9tallis\u00e9 en forme g\u00e9om\u00e9trique en haut et arrondie en bas avec des verres d\u00e9grad\u00e9s marron.<\/p>","protected":false},"featured_media":20028,"template":"","meta":[],"product_brand":[1069],"product_cat":[895],"product_tag":[],"class_list":{"0":"post-20027","1":"product","2":"type-product","3":"status-publish","4":"has-post-thumbnail","6":"product_brand-ray-ban","7":"product_cat-gafas-de-sol","8":"pa_color-dorado","9":"pa_forma-redonda","10":"pa_genero-hombre","11":"pa_genero-mujer","12":"pa_genero-unisex","13":"pa_material-metal","15":"first","16":"instock","17":"taxable","18":"shipping-taxable","19":"purchasable","20":"product-type-simple"},"_links":{"self":[{"href":"https:\/\/www.opticagracia.com\/fr\/wp-json\/wp\/v2\/product\/20027","targetHints":{"allow":["GET"]}}],"collection":[{"href":"https:\/\/www.opticagracia.com\/fr\/wp-json\/wp\/v2\/product"}],"about":[{"href":"https:\/\/www.opticagracia.com\/fr\/wp-json\/wp\/v2\/types\/product"}],"wp:featuredmedia":[{"embeddable":true,"href":"https:\/\/www.opticagracia.com\/fr\/wp-json\/wp\/v2\/media\/20028"}],"wp:attachment":[{"href":"https:\/\/www.opticagracia.com\/fr\/wp-json\/wp\/v2\/media?parent=20027"}],"wp:term":[{"taxonomy":"product_brand","embeddable":true,"href":"https:\/\/www.opticagracia.com\/fr\/wp-json\/wp\/v2\/product_brand?post=20027"},{"taxonomy":"product_cat","embeddable":true,"href":"https:\/\/www.opticagracia.com\/fr\/wp-json\/wp\/v2\/product_cat?post=20027"},{"taxonomy":"product_tag","embeddable":true,"href":"https:\/\/www.opticagracia.com\/fr\/wp-json\/wp\/v2\/product_tag?post=20027"}],"curies":[{"name":"wp","href":"https:\/\/api.w.org\/{rel}","templated":true}]}}