{"id":20031,"date":"2025-04-11T11:59:22","date_gmt":"2025-04-11T09:59:22","guid":{"rendered":"https:\/\/www.opticagracia.com\/?post_type=product&#038;p=20031"},"modified":"2025-11-21T12:54:28","modified_gmt":"2025-11-21T11:54:28","slug":"gafas-de-sol-ray-ban-3565-002-71-53-20","status":"publish","type":"product","link":"https:\/\/www.opticagracia.com\/fr\/producto\/gafas-de-sol-ray-ban-3565-002-71-53-20\/","title":{"rendered":"Lunettes de Soleil Ray Ban 3565 002\/71 53 20"},"content":{"rendered":"<p>Ce mod\u00e8le a \u00e9t\u00e9 port\u00e9 par des musiciens l\u00e9gendaires et s'inspire de la contre-culture des ann\u00e9es 1960, d\u00e9cennie qui l'a vu na\u00eetre. Ces superbes montures restent un choix chic. Elles font \u00e9voluer le profil l\u00e9gendaire d'un classique r\u00e9tro avec une personnalit\u00e9 unique.<\/p>\n<p>Lunettes de soleil Rayban 3565 002\/71 53 20, name Jack, noir m\u00e9tallique de forme g\u00e9om\u00e9trique en haut et arrondie en bas avec des verres d\u00e9grad\u00e9s noir\/gris.<\/p>","protected":false},"excerpt":{"rendered":"<p>Lunettes de soleil Rayban 3565 002\/71 53 20, name Jack, noir m\u00e9tallique de forme g\u00e9om\u00e9trique en haut et arrondie en bas avec des verres d\u00e9grad\u00e9s noir\/gris.<\/p>","protected":false},"featured_media":20032,"template":"","meta":[],"product_brand":[1069],"product_cat":[829,895,911,912,914,1073,572],"product_tag":[],"class_list":{"0":"post-20031","1":"product","2":"type-product","3":"status-publish","4":"has-post-thumbnail","6":"product_brand-ray-ban","7":"product_cat-forma","8":"product_cat-gafas-de-sol","9":"product_cat-gafas-de-sol-hombre","10":"product_cat-gafas-de-sol-mujer","11":"product_cat-gafas-de-sol-unisex","12":"product_cat-gafas-geometricas","13":"product_cat-gafas-redondas","15":"first","16":"instock","17":"taxable","18":"shipping-taxable","19":"purchasable","20":"product-type-simple"},"_links":{"self":[{"href":"https:\/\/www.opticagracia.com\/fr\/wp-json\/wp\/v2\/product\/20031","targetHints":{"allow":["GET"]}}],"collection":[{"href":"https:\/\/www.opticagracia.com\/fr\/wp-json\/wp\/v2\/product"}],"about":[{"href":"https:\/\/www.opticagracia.com\/fr\/wp-json\/wp\/v2\/types\/product"}],"wp:featuredmedia":[{"embeddable":true,"href":"https:\/\/www.opticagracia.com\/fr\/wp-json\/wp\/v2\/media\/20032"}],"wp:attachment":[{"href":"https:\/\/www.opticagracia.com\/fr\/wp-json\/wp\/v2\/media?parent=20031"}],"wp:term":[{"taxonomy":"product_brand","embeddable":true,"href":"https:\/\/www.opticagracia.com\/fr\/wp-json\/wp\/v2\/product_brand?post=20031"},{"taxonomy":"product_cat","embeddable":true,"href":"https:\/\/www.opticagracia.com\/fr\/wp-json\/wp\/v2\/product_cat?post=20031"},{"taxonomy":"product_tag","embeddable":true,"href":"https:\/\/www.opticagracia.com\/fr\/wp-json\/wp\/v2\/product_tag?post=20031"}],"curies":[{"name":"wp","href":"https:\/\/api.w.org\/{rel}","templated":true}]}}