{"id":20068,"date":"2025-04-12T12:04:26","date_gmt":"2025-04-12T10:04:26","guid":{"rendered":"https:\/\/www.opticagracia.com\/?post_type=product&#038;p=20068"},"modified":"2026-04-18T17:48:30","modified_gmt":"2026-04-18T15:48:30","slug":"gafas-de-sol-ray-ban-3447-004-51-50-21","status":"publish","type":"product","link":"https:\/\/www.opticagracia.com\/fr\/producto\/gafas-de-sol-ray-ban-3447-004-51-50-21\/","title":{"rendered":"Lunettes de soleil Ray Ban 3447 004\/51 50 21"},"content":{"rendered":"<p>Ray-Ban cr\u00e9e des lunettes pour les visionnaires et les cr\u00e9ateurs culturels du monde entier et leur permet d'exprimer leur personnalit\u00e9 intr\u00e9pide et authentique.<\/p>\n<p>La Ronde se tourne vers le pass\u00e9 et poursuit un r\u00eave. La ronde, mod\u00e8le de r\u00e9f\u00e9rence des penseurs contre-culturels du pass\u00e9, est devenue le spectacle de ceux qui ont os\u00e9 enfreindre les r\u00e8gles.<\/p>\n<p>Lunettes de soleil Rayban 3447 004\/51 50 21, nom Rond, forme ronde m\u00e9tallique argent\u00e9e avec verres d\u00e9grad\u00e9s bruns.<\/p>","protected":false},"excerpt":{"rendered":"<p>Lunettes de soleil Rayban 3447 004\/51 50 21, nom Rond, forme ronde m\u00e9tallique argent\u00e9e avec verres d\u00e9grad\u00e9s bruns.<\/p>","protected":false},"featured_media":20069,"template":"","meta":[],"product_brand":[1069],"product_cat":[895],"product_tag":[],"class_list":{"0":"post-20068","1":"product","2":"type-product","3":"status-publish","4":"has-post-thumbnail","6":"product_brand-ray-ban","7":"product_cat-gafas-de-sol","8":"pa_color-plateado","9":"pa_forma-redonda","10":"pa_genero-hombre","11":"pa_genero-mujer","12":"pa_genero-unisex","13":"pa_material-metal","15":"first","16":"instock","17":"taxable","18":"shipping-taxable","19":"purchasable","20":"product-type-simple"},"_links":{"self":[{"href":"https:\/\/www.opticagracia.com\/fr\/wp-json\/wp\/v2\/product\/20068","targetHints":{"allow":["GET"]}}],"collection":[{"href":"https:\/\/www.opticagracia.com\/fr\/wp-json\/wp\/v2\/product"}],"about":[{"href":"https:\/\/www.opticagracia.com\/fr\/wp-json\/wp\/v2\/types\/product"}],"wp:featuredmedia":[{"embeddable":true,"href":"https:\/\/www.opticagracia.com\/fr\/wp-json\/wp\/v2\/media\/20069"}],"wp:attachment":[{"href":"https:\/\/www.opticagracia.com\/fr\/wp-json\/wp\/v2\/media?parent=20068"}],"wp:term":[{"taxonomy":"product_brand","embeddable":true,"href":"https:\/\/www.opticagracia.com\/fr\/wp-json\/wp\/v2\/product_brand?post=20068"},{"taxonomy":"product_cat","embeddable":true,"href":"https:\/\/www.opticagracia.com\/fr\/wp-json\/wp\/v2\/product_cat?post=20068"},{"taxonomy":"product_tag","embeddable":true,"href":"https:\/\/www.opticagracia.com\/fr\/wp-json\/wp\/v2\/product_tag?post=20068"}],"curies":[{"name":"wp","href":"https:\/\/api.w.org\/{rel}","templated":true}]}}