{"id":20153,"date":"2025-04-21T19:28:51","date_gmt":"2025-04-21T17:28:51","guid":{"rendered":"https:\/\/www.opticagracia.com\/?post_type=product&#038;p=20153"},"modified":"2026-04-17T21:29:05","modified_gmt":"2026-04-17T19:29:05","slug":"gafas-de-sol-mr-boho-madalena-bbl4-11","status":"publish","type":"product","link":"https:\/\/www.opticagracia.com\/fr\/producto\/gafas-de-sol-mr-boho-madalena-bbl4-11\/","title":{"rendered":"Lunettes de soleil Mr. Boho MADALENA BBL4-11"},"content":{"rendered":"<p>Les lunettes de soleil Mr. Boho donnent une touche de personnalit\u00e9 \u00e0 nos looks les plus audacieux avec des nuances de couleurs qui ne laisseront personne indiff\u00e9rent.<\/p>\n<p>Lunettes tendance en ac\u00e9tate naturel et aux couleurs super originales et amusantes.<\/p>\n<p>Lunettes de soleil MR BOHO MADALENA BBL4-11, lunettes de soleil carr\u00e9es en ac\u00e9tate avec un imprim\u00e9 textur\u00e9 bleu cobalt et de larges branches avec des verres vert fonc\u00e9 pour une protection maximale.<\/p>\n<p>D\u00e9couvrez une sophistication intemporelle avec le <strong>lunettes de soleil MR.BOHO MADALENA<\/strong>. Un mod\u00e8le embl\u00e9matique pour <strong>femme<\/strong> la cr\u00e9ation de tendances. <strong>Acheter en ligne<\/strong> votre <strong>MR.BOHO MADALENA<\/strong> et s'enorgueillit <strong>lunettes de cr\u00e9ateur MR.BOHO<\/strong> avec un <strong>qualit\u00e9<\/strong> exceptionnel.<\/p>\n<p>Vous recherchez <strong>lunettes de soleil MR.BOHO<\/strong>? Le mod\u00e8le <strong>MADALENA<\/strong> est l'une des meilleures ventes.<strong>Acheter<\/strong> votre <strong>lunettes MR.BOHO MADALENA en ligne<\/strong> et profitez de la qualit\u00e9 et du design unique de la <strong>M. BOHO<\/strong>.<\/p>\n<p>Votre nouvelle paire de lunettes vous attend !<\/p>\n<p>&nbsp;<\/p>","protected":false},"excerpt":{"rendered":"<p>Lunettes de soleil MR BOHO MADALENA BBL4-11, lunettes de soleil carr\u00e9es en ac\u00e9tate avec un imprim\u00e9 textur\u00e9 bleu cobalt et de larges branches avec des verres vert fonc\u00e9 pour une protection maximale.<\/p>","protected":false},"featured_media":20154,"template":"","meta":[],"product_brand":[1067],"product_cat":[895],"product_tag":[],"class_list":{"0":"post-20153","1":"product","2":"type-product","3":"status-publish","4":"has-post-thumbnail","6":"product_brand-mr-boho","7":"product_cat-gafas-de-sol","8":"pa_color-azul","9":"pa_forma-cuadrada","10":"pa_genero-mujer","11":"pa_material-acetato","13":"first","14":"instock","15":"taxable","16":"shipping-taxable","17":"purchasable","18":"product-type-simple"},"_links":{"self":[{"href":"https:\/\/www.opticagracia.com\/fr\/wp-json\/wp\/v2\/product\/20153","targetHints":{"allow":["GET"]}}],"collection":[{"href":"https:\/\/www.opticagracia.com\/fr\/wp-json\/wp\/v2\/product"}],"about":[{"href":"https:\/\/www.opticagracia.com\/fr\/wp-json\/wp\/v2\/types\/product"}],"wp:featuredmedia":[{"embeddable":true,"href":"https:\/\/www.opticagracia.com\/fr\/wp-json\/wp\/v2\/media\/20154"}],"wp:attachment":[{"href":"https:\/\/www.opticagracia.com\/fr\/wp-json\/wp\/v2\/media?parent=20153"}],"wp:term":[{"taxonomy":"product_brand","embeddable":true,"href":"https:\/\/www.opticagracia.com\/fr\/wp-json\/wp\/v2\/product_brand?post=20153"},{"taxonomy":"product_cat","embeddable":true,"href":"https:\/\/www.opticagracia.com\/fr\/wp-json\/wp\/v2\/product_cat?post=20153"},{"taxonomy":"product_tag","embeddable":true,"href":"https:\/\/www.opticagracia.com\/fr\/wp-json\/wp\/v2\/product_tag?post=20153"}],"curies":[{"name":"wp","href":"https:\/\/api.w.org\/{rel}","templated":true}]}}